{"id":73,"date":"2026-03-30T14:04:26","date_gmt":"2026-03-30T17:04:26","guid":{"rendered":"https:\/\/staging.chowamusicpublishing.com\/?page_id=73"},"modified":"2026-04-05T19:44:32","modified_gmt":"2026-04-05T22:44:32","slug":"the-catalog","status":"publish","type":"page","link":"https:\/\/staging.chowamusicpublishing.com\/es\/the-catalog\/","title":{"rendered":"the catalog"},"content":{"rendered":"<div data-elementor-type=\"wp-page\" data-elementor-id=\"73\" class=\"elementor elementor-73\" data-elementor-post-type=\"page\">\n\t\t\t\t<div class=\"elementor-element elementor-element-fd53945 e-con-full e-flex e-con e-parent\" data-id=\"fd53945\" data-element_type=\"container\" data-e-type=\"container\">\n\t\t<div class=\"elementor-element elementor-element-01cadef e-con-full bg-section-wall e-flex e-con e-child\" data-id=\"01cadef\" data-element_type=\"container\" data-e-type=\"container\" data-settings=\"{&quot;background_background&quot;:&quot;classic&quot;}\">\n\t\t\t\t<div class=\"elementor-element elementor-element-99faa9c elementor-invisible elementor-widget elementor-widget-heading\" data-id=\"99faa9c\" data-element_type=\"widget\" data-e-type=\"widget\" data-settings=\"{&quot;_animation&quot;:&quot;fadeInUp&quot;}\" data-widget_type=\"heading.default\">\n\t\t\t\t\t<h4 class=\"elementor-heading-title elementor-size-default\">Explorar artistas<\/h4>\t\t\t\t<\/div>\n\t\t<div class=\"elementor-element elementor-element-b16d512 e-con-full e-flex elementor-invisible e-con e-child\" data-id=\"b16d512\" data-element_type=\"container\" data-e-type=\"container\" data-settings=\"{&quot;animation&quot;:&quot;fadeInUp&quot;}\">\n\t\t\t\t<div class=\"elementor-element elementor-element-f2eae81 elementor-widget elementor-widget-shortcode\" data-id=\"f2eae81\" data-element_type=\"widget\" data-e-type=\"widget\" data-widget_type=\"shortcode.default\">\n\t\t\t\t\t\t\t<div class=\"elementor-shortcode\"> \n<div class=\"cmp-bands-section\">\n\n\t<!-- Listen to all -->\n\t<div class=\"cmp-bands-header\">\n\t\t<div class=\"cmp-listen-all-wrap\">\n\t\t\t<a href=\"https:\/\/staging.chowamusicpublishing.com\/es\/the-catalog-tracks\/\" class=\"cmp-listen-all-link\">\n\t\t\t\tEscuchar todos\t\t\t<\/a>\n\t\t\t<span class=\"cmp-total-tracks-label\">\n\t\t\t\t46 tracks\t\t\t<\/span>\n\t\t<\/div>\n\t<\/div>\n\n\t<!-- Bands slider -->\n\t<div class=\"cmp-bands-slider\" data-total=\"13\">\n\n\t\t<button class=\"cmp-slider-btn cmp-slider-prev\" aria-label=\"Previous\">\n\t\t\t<svg viewbox=\"0 0 24 24\" fill=\"currentColor\" width=\"24\" height=\"24\"><path d=\"M15.41 7.41L14 6l-6 6 6 6 1.41-1.41L10.83 12z\"\/><\/svg>\n\t\t<\/button>\n\n\t\t<div class=\"swiper cmp-bands-swiper\">\n\t\t\t<div class=\"swiper-wrapper\">\n\n\t\t\t\t\t\t\t\t\t<div class=\"swiper-slide cmp-band-item\" data-band-id=\"226\">\n\n\t\t\t\t\t\t<div class=\"cmp-band-circle-wrap\">\n\t\t\t\t\t\t\t<div class=\"cmp-band-circle\">\n\n\t\t\t\t\t\t\t\t<!-- Foto -->\n\t\t\t\t\t\t\t\t\t\t\t\t\t\t\t\t\t<img decoding=\"async\" src=\"https:\/\/staging.chowamusicpublishing.com\/wp-content\/uploads\/2026\/03\/band3.webp\"\n\t\t\t\t\t\t\t\t\t\t alt=\"Asteroides\"\n\t\t\t\t\t\t\t\t\t\t class=\"cmp-band-photo\"\n\t\t\t\t\t\t\t\t\t\t loading=\"lazy\"\n\t\t\t\t\t\t\t\t\t\/>\n\t\t\t\t\t\t\t\t\n\t\t\t\t\t\t\t\t<!-- Overlay con descripci\u00f3n (visible al hacer click) -->\n\t\t\t\t\t\t\t\t<div class=\"cmp-band-overlay\" aria-hidden=\"true\">\n\t\t\t\t\t\t\t\t\t\t\t\t\t\t\t\t\t\t\t<p class=\"cmp-band-overlay-desc\">Descripci\u00f3n simuladadel artista, este es un texto simulado, que ser\u00e1 reemplazado por el texto definitivo. Este es un texto simulado que ser\u00e1 reemplazado por el texto final. Este es un texto simulado que ser\u00e1 reemplazado por el texto final.<\/p>\n\t\t\t\t\t\t\t\t\t\t\t\t\t\t\t\t\t\t<a href=\"https:\/\/staging.chowamusicpublishing.com\/es\/the-catalog-tracks\/?band=asteroides\" class=\"cmp-band-overlay-link\">\n\t\t\t\t\t\t\t\t\t\tEscuchar pistas\t\t\t\t\t\t\t\t\t<\/a>\n\t\t\t\t\t\t\t\t<\/div>\n\n\t\t\t\t\t\t\t<\/div><!-- .cmp-band-circle -->\n\t\t\t\t\t\t<\/div><!-- .cmp-band-circle-wrap -->\n\n\t\t\t\t\t\t<h3 class=\"cmp-band-name\">Asteroides<\/h3>\n\t\t\t\t\t\t<span class=\"cmp-band-track-count\">\n\t\t\t\t\t\t\t4 tracks\t\t\t\t\t\t<\/span>\n\n\t\t\t\t\t<\/div><!-- .swiper-slide.cmp-band-item -->\n\t\t\t\t\t\t\t\t\t<div class=\"swiper-slide cmp-band-item\" data-band-id=\"748\">\n\n\t\t\t\t\t\t<div class=\"cmp-band-circle-wrap\">\n\t\t\t\t\t\t\t<div class=\"cmp-band-circle\">\n\n\t\t\t\t\t\t\t\t<!-- Foto -->\n\t\t\t\t\t\t\t\t\t\t\t\t\t\t\t\t\t<img decoding=\"async\" src=\"https:\/\/staging.chowamusicpublishing.com\/wp-content\/uploads\/2026\/04\/band10.webp\"\n\t\t\t\t\t\t\t\t\t\t alt=\"Banda 10\"\n\t\t\t\t\t\t\t\t\t\t class=\"cmp-band-photo\"\n\t\t\t\t\t\t\t\t\t\t loading=\"lazy\"\n\t\t\t\t\t\t\t\t\t\/>\n\t\t\t\t\t\t\t\t\n\t\t\t\t\t\t\t\t<!-- Overlay con descripci\u00f3n (visible al hacer click) -->\n\t\t\t\t\t\t\t\t<div class=\"cmp-band-overlay\" aria-hidden=\"true\">\n\t\t\t\t\t\t\t\t\t\t\t\t\t\t\t\t\t\t\t<p class=\"cmp-band-overlay-desc\">Descripci\u00f3n simuladadel artista, este es un texto simulado, que ser\u00e1 reemplazado por el texto definitivo. Este es un texto simulado que ser\u00e1 reemplazado por el texto final. Este es un texto simulado que ser\u00e1 reemplazado por el texto final.<\/p>\n\t\t\t\t\t\t\t\t\t\t\t\t\t\t\t\t\t\t<a href=\"https:\/\/staging.chowamusicpublishing.com\/es\/the-catalog-tracks\/?band=banda-10\" class=\"cmp-band-overlay-link\">\n\t\t\t\t\t\t\t\t\t\tEscuchar pistas\t\t\t\t\t\t\t\t\t<\/a>\n\t\t\t\t\t\t\t\t<\/div>\n\n\t\t\t\t\t\t\t<\/div><!-- .cmp-band-circle -->\n\t\t\t\t\t\t<\/div><!-- .cmp-band-circle-wrap -->\n\n\t\t\t\t\t\t<h3 class=\"cmp-band-name\">Banda 10<\/h3>\n\t\t\t\t\t\t<span class=\"cmp-band-track-count\">\n\t\t\t\t\t\t\t3 tracks\t\t\t\t\t\t<\/span>\n\n\t\t\t\t\t<\/div><!-- .swiper-slide.cmp-band-item -->\n\t\t\t\t\t\t\t\t\t<div class=\"swiper-slide cmp-band-item\" data-band-id=\"750\">\n\n\t\t\t\t\t\t<div class=\"cmp-band-circle-wrap\">\n\t\t\t\t\t\t\t<div class=\"cmp-band-circle\">\n\n\t\t\t\t\t\t\t\t<!-- Foto -->\n\t\t\t\t\t\t\t\t\t\t\t\t\t\t\t\t\t<img decoding=\"async\" src=\"https:\/\/staging.chowamusicpublishing.com\/wp-content\/uploads\/2026\/04\/band11.webp\"\n\t\t\t\t\t\t\t\t\t\t alt=\"Banda 11\"\n\t\t\t\t\t\t\t\t\t\t class=\"cmp-band-photo\"\n\t\t\t\t\t\t\t\t\t\t loading=\"lazy\"\n\t\t\t\t\t\t\t\t\t\/>\n\t\t\t\t\t\t\t\t\n\t\t\t\t\t\t\t\t<!-- Overlay con descripci\u00f3n (visible al hacer click) -->\n\t\t\t\t\t\t\t\t<div class=\"cmp-band-overlay\" aria-hidden=\"true\">\n\t\t\t\t\t\t\t\t\t\t\t\t\t\t\t\t\t\t\t<p class=\"cmp-band-overlay-desc\">Descripci\u00f3n simuladadel artista, este es un texto simulado, que ser\u00e1 reemplazado por el texto definitivo. Este es un texto simulado que ser\u00e1 reemplazado por el texto final. Este es un texto simulado que ser\u00e1 reemplazado por el texto final.<\/p>\n\t\t\t\t\t\t\t\t\t\t\t\t\t\t\t\t\t\t<a href=\"https:\/\/staging.chowamusicpublishing.com\/es\/the-catalog-tracks\/?band=banda-11\" class=\"cmp-band-overlay-link\">\n\t\t\t\t\t\t\t\t\t\tEscuchar pistas\t\t\t\t\t\t\t\t\t<\/a>\n\t\t\t\t\t\t\t\t<\/div>\n\n\t\t\t\t\t\t\t<\/div><!-- .cmp-band-circle -->\n\t\t\t\t\t\t<\/div><!-- .cmp-band-circle-wrap -->\n\n\t\t\t\t\t\t<h3 class=\"cmp-band-name\">Banda 11<\/h3>\n\t\t\t\t\t\t<span class=\"cmp-band-track-count\">\n\t\t\t\t\t\t\t2 tracks\t\t\t\t\t\t<\/span>\n\n\t\t\t\t\t<\/div><!-- .swiper-slide.cmp-band-item -->\n\t\t\t\t\t\t\t\t\t<div class=\"swiper-slide cmp-band-item\" data-band-id=\"752\">\n\n\t\t\t\t\t\t<div class=\"cmp-band-circle-wrap\">\n\t\t\t\t\t\t\t<div class=\"cmp-band-circle\">\n\n\t\t\t\t\t\t\t\t<!-- Foto -->\n\t\t\t\t\t\t\t\t\t\t\t\t\t\t\t\t\t<img decoding=\"async\" src=\"https:\/\/staging.chowamusicpublishing.com\/wp-content\/uploads\/2026\/04\/band12.webp\"\n\t\t\t\t\t\t\t\t\t\t alt=\"Banda 12\"\n\t\t\t\t\t\t\t\t\t\t class=\"cmp-band-photo\"\n\t\t\t\t\t\t\t\t\t\t loading=\"lazy\"\n\t\t\t\t\t\t\t\t\t\/>\n\t\t\t\t\t\t\t\t\n\t\t\t\t\t\t\t\t<!-- Overlay con descripci\u00f3n (visible al hacer click) -->\n\t\t\t\t\t\t\t\t<div class=\"cmp-band-overlay\" aria-hidden=\"true\">\n\t\t\t\t\t\t\t\t\t\t\t\t\t\t\t\t\t\t\t<p class=\"cmp-band-overlay-desc\">Descripci\u00f3n simuladadel artista, este es un texto simulado, que ser\u00e1 reemplazado por el texto definitivo. Este es un texto simulado que ser\u00e1 reemplazado por el texto final. Este es un texto simulado que ser\u00e1 reemplazado por el texto final.<\/p>\n\t\t\t\t\t\t\t\t\t\t\t\t\t\t\t\t\t\t<a href=\"https:\/\/staging.chowamusicpublishing.com\/es\/the-catalog-tracks\/?band=banda-12\" class=\"cmp-band-overlay-link\">\n\t\t\t\t\t\t\t\t\t\tEscuchar pistas\t\t\t\t\t\t\t\t\t<\/a>\n\t\t\t\t\t\t\t\t<\/div>\n\n\t\t\t\t\t\t\t<\/div><!-- .cmp-band-circle -->\n\t\t\t\t\t\t<\/div><!-- .cmp-band-circle-wrap -->\n\n\t\t\t\t\t\t<h3 class=\"cmp-band-name\">Banda 12<\/h3>\n\t\t\t\t\t\t<span class=\"cmp-band-track-count\">\n\t\t\t\t\t\t\t3 tracks\t\t\t\t\t\t<\/span>\n\n\t\t\t\t\t<\/div><!-- .swiper-slide.cmp-band-item -->\n\t\t\t\t\t\t\t\t\t<div class=\"swiper-slide cmp-band-item\" data-band-id=\"754\">\n\n\t\t\t\t\t\t<div class=\"cmp-band-circle-wrap\">\n\t\t\t\t\t\t\t<div class=\"cmp-band-circle\">\n\n\t\t\t\t\t\t\t\t<!-- Foto -->\n\t\t\t\t\t\t\t\t\t\t\t\t\t\t\t\t\t<img decoding=\"async\" src=\"https:\/\/staging.chowamusicpublishing.com\/wp-content\/uploads\/2026\/04\/band13.webp\"\n\t\t\t\t\t\t\t\t\t\t alt=\"Banda 13\"\n\t\t\t\t\t\t\t\t\t\t class=\"cmp-band-photo\"\n\t\t\t\t\t\t\t\t\t\t loading=\"lazy\"\n\t\t\t\t\t\t\t\t\t\/>\n\t\t\t\t\t\t\t\t\n\t\t\t\t\t\t\t\t<!-- Overlay con descripci\u00f3n (visible al hacer click) -->\n\t\t\t\t\t\t\t\t<div class=\"cmp-band-overlay\" aria-hidden=\"true\">\n\t\t\t\t\t\t\t\t\t\t\t\t\t\t\t\t\t\t\t<p class=\"cmp-band-overlay-desc\">Descripci\u00f3n simuladadel artista, este es un texto simulado, que ser\u00e1 reemplazado por el texto definitivo. Este es un texto simulado que ser\u00e1 reemplazado por el texto final. Este es un texto simulado que ser\u00e1 reemplazado por el texto final.<\/p>\n\t\t\t\t\t\t\t\t\t\t\t\t\t\t\t\t\t\t<a href=\"https:\/\/staging.chowamusicpublishing.com\/es\/the-catalog-tracks\/?band=banda-13\" class=\"cmp-band-overlay-link\">\n\t\t\t\t\t\t\t\t\t\tEscuchar pistas\t\t\t\t\t\t\t\t\t<\/a>\n\t\t\t\t\t\t\t\t<\/div>\n\n\t\t\t\t\t\t\t<\/div><!-- .cmp-band-circle -->\n\t\t\t\t\t\t<\/div><!-- .cmp-band-circle-wrap -->\n\n\t\t\t\t\t\t<h3 class=\"cmp-band-name\">Banda 13<\/h3>\n\t\t\t\t\t\t<span class=\"cmp-band-track-count\">\n\t\t\t\t\t\t\t3 tracks\t\t\t\t\t\t<\/span>\n\n\t\t\t\t\t<\/div><!-- .swiper-slide.cmp-band-item -->\n\t\t\t\t\t\t\t\t\t<div class=\"swiper-slide cmp-band-item\" data-band-id=\"736\">\n\n\t\t\t\t\t\t<div class=\"cmp-band-circle-wrap\">\n\t\t\t\t\t\t\t<div class=\"cmp-band-circle\">\n\n\t\t\t\t\t\t\t\t<!-- Foto -->\n\t\t\t\t\t\t\t\t\t\t\t\t\t\t\t\t\t<img decoding=\"async\" src=\"https:\/\/staging.chowamusicpublishing.com\/wp-content\/uploads\/2026\/04\/band4.webp\"\n\t\t\t\t\t\t\t\t\t\t alt=\"Banda 4\"\n\t\t\t\t\t\t\t\t\t\t class=\"cmp-band-photo\"\n\t\t\t\t\t\t\t\t\t\t loading=\"lazy\"\n\t\t\t\t\t\t\t\t\t\/>\n\t\t\t\t\t\t\t\t\n\t\t\t\t\t\t\t\t<!-- Overlay con descripci\u00f3n (visible al hacer click) -->\n\t\t\t\t\t\t\t\t<div class=\"cmp-band-overlay\" aria-hidden=\"true\">\n\t\t\t\t\t\t\t\t\t\t\t\t\t\t\t\t\t\t\t<p class=\"cmp-band-overlay-desc\">Descripci\u00f3n simuladadel artista, este es un texto simulado, que ser\u00e1 reemplazado por el texto definitivo. Este es un texto simulado que ser\u00e1 reemplazado por el texto final. Este es un texto simulado que ser\u00e1 reemplazado por el texto final.<\/p>\n\t\t\t\t\t\t\t\t\t\t\t\t\t\t\t\t\t\t<a href=\"https:\/\/staging.chowamusicpublishing.com\/es\/the-catalog-tracks\/?band=banda-4\" class=\"cmp-band-overlay-link\">\n\t\t\t\t\t\t\t\t\t\tEscuchar pistas\t\t\t\t\t\t\t\t\t<\/a>\n\t\t\t\t\t\t\t\t<\/div>\n\n\t\t\t\t\t\t\t<\/div><!-- .cmp-band-circle -->\n\t\t\t\t\t\t<\/div><!-- .cmp-band-circle-wrap -->\n\n\t\t\t\t\t\t<h3 class=\"cmp-band-name\">Banda 4<\/h3>\n\t\t\t\t\t\t<span class=\"cmp-band-track-count\">\n\t\t\t\t\t\t\t5 tracks\t\t\t\t\t\t<\/span>\n\n\t\t\t\t\t<\/div><!-- .swiper-slide.cmp-band-item -->\n\t\t\t\t\t\t\t\t\t<div class=\"swiper-slide cmp-band-item\" data-band-id=\"738\">\n\n\t\t\t\t\t\t<div class=\"cmp-band-circle-wrap\">\n\t\t\t\t\t\t\t<div class=\"cmp-band-circle\">\n\n\t\t\t\t\t\t\t\t<!-- Foto -->\n\t\t\t\t\t\t\t\t\t\t\t\t\t\t\t\t\t<img decoding=\"async\" src=\"https:\/\/staging.chowamusicpublishing.com\/wp-content\/uploads\/2026\/04\/band5.webp\"\n\t\t\t\t\t\t\t\t\t\t alt=\"Banda 5\"\n\t\t\t\t\t\t\t\t\t\t class=\"cmp-band-photo\"\n\t\t\t\t\t\t\t\t\t\t loading=\"lazy\"\n\t\t\t\t\t\t\t\t\t\/>\n\t\t\t\t\t\t\t\t\n\t\t\t\t\t\t\t\t<!-- Overlay con descripci\u00f3n (visible al hacer click) -->\n\t\t\t\t\t\t\t\t<div class=\"cmp-band-overlay\" aria-hidden=\"true\">\n\t\t\t\t\t\t\t\t\t\t\t\t\t\t\t\t\t\t\t<p class=\"cmp-band-overlay-desc\">Descripci\u00f3n simuladadel artista, este es un texto simulado, que ser\u00e1 reemplazado por el texto definitivo. Este es un texto simulado que ser\u00e1 reemplazado por el texto final. Este es un texto simulado que ser\u00e1 reemplazado por el texto final.<\/p>\n\t\t\t\t\t\t\t\t\t\t\t\t\t\t\t\t\t\t<a href=\"https:\/\/staging.chowamusicpublishing.com\/es\/the-catalog-tracks\/?band=banda-5\" class=\"cmp-band-overlay-link\">\n\t\t\t\t\t\t\t\t\t\tEscuchar pistas\t\t\t\t\t\t\t\t\t<\/a>\n\t\t\t\t\t\t\t\t<\/div>\n\n\t\t\t\t\t\t\t<\/div><!-- .cmp-band-circle -->\n\t\t\t\t\t\t<\/div><!-- .cmp-band-circle-wrap -->\n\n\t\t\t\t\t\t<h3 class=\"cmp-band-name\">Banda 5<\/h3>\n\t\t\t\t\t\t<span class=\"cmp-band-track-count\">\n\t\t\t\t\t\t\t3 tracks\t\t\t\t\t\t<\/span>\n\n\t\t\t\t\t<\/div><!-- .swiper-slide.cmp-band-item -->\n\t\t\t\t\t\t\t\t\t<div class=\"swiper-slide cmp-band-item\" data-band-id=\"740\">\n\n\t\t\t\t\t\t<div class=\"cmp-band-circle-wrap\">\n\t\t\t\t\t\t\t<div class=\"cmp-band-circle\">\n\n\t\t\t\t\t\t\t\t<!-- Foto -->\n\t\t\t\t\t\t\t\t\t\t\t\t\t\t\t\t\t<img decoding=\"async\" src=\"https:\/\/staging.chowamusicpublishing.com\/wp-content\/uploads\/2026\/04\/band6.webp\"\n\t\t\t\t\t\t\t\t\t\t alt=\"Banda 6\"\n\t\t\t\t\t\t\t\t\t\t class=\"cmp-band-photo\"\n\t\t\t\t\t\t\t\t\t\t loading=\"lazy\"\n\t\t\t\t\t\t\t\t\t\/>\n\t\t\t\t\t\t\t\t\n\t\t\t\t\t\t\t\t<!-- Overlay con descripci\u00f3n (visible al hacer click) -->\n\t\t\t\t\t\t\t\t<div class=\"cmp-band-overlay\" aria-hidden=\"true\">\n\t\t\t\t\t\t\t\t\t\t\t\t\t\t\t\t\t\t\t<p class=\"cmp-band-overlay-desc\">Descripci\u00f3n simuladadel artista, este es un texto simulado, que ser\u00e1 reemplazado por el texto definitivo. Este es un texto simulado que ser\u00e1 reemplazado por el texto final. Este es un texto simulado que ser\u00e1 reemplazado por el texto final.<\/p>\n\t\t\t\t\t\t\t\t\t\t\t\t\t\t\t\t\t\t<a href=\"https:\/\/staging.chowamusicpublishing.com\/es\/the-catalog-tracks\/?band=banda-6\" class=\"cmp-band-overlay-link\">\n\t\t\t\t\t\t\t\t\t\tEscuchar pistas\t\t\t\t\t\t\t\t\t<\/a>\n\t\t\t\t\t\t\t\t<\/div>\n\n\t\t\t\t\t\t\t<\/div><!-- .cmp-band-circle -->\n\t\t\t\t\t\t<\/div><!-- .cmp-band-circle-wrap -->\n\n\t\t\t\t\t\t<h3 class=\"cmp-band-name\">Banda 6<\/h3>\n\t\t\t\t\t\t<span class=\"cmp-band-track-count\">\n\t\t\t\t\t\t\t4 tracks\t\t\t\t\t\t<\/span>\n\n\t\t\t\t\t<\/div><!-- .swiper-slide.cmp-band-item -->\n\t\t\t\t\t\t\t\t\t<div class=\"swiper-slide cmp-band-item\" data-band-id=\"742\">\n\n\t\t\t\t\t\t<div class=\"cmp-band-circle-wrap\">\n\t\t\t\t\t\t\t<div class=\"cmp-band-circle\">\n\n\t\t\t\t\t\t\t\t<!-- Foto -->\n\t\t\t\t\t\t\t\t\t\t\t\t\t\t\t\t\t<img decoding=\"async\" src=\"https:\/\/staging.chowamusicpublishing.com\/wp-content\/uploads\/2026\/04\/band7.webp\"\n\t\t\t\t\t\t\t\t\t\t alt=\"Banda 7\"\n\t\t\t\t\t\t\t\t\t\t class=\"cmp-band-photo\"\n\t\t\t\t\t\t\t\t\t\t loading=\"lazy\"\n\t\t\t\t\t\t\t\t\t\/>\n\t\t\t\t\t\t\t\t\n\t\t\t\t\t\t\t\t<!-- Overlay con descripci\u00f3n (visible al hacer click) -->\n\t\t\t\t\t\t\t\t<div class=\"cmp-band-overlay\" aria-hidden=\"true\">\n\t\t\t\t\t\t\t\t\t\t\t\t\t\t\t\t\t\t\t<p class=\"cmp-band-overlay-desc\">Descripci\u00f3n simuladadel artista, este es un texto simulado, que ser\u00e1 reemplazado por el texto definitivo. Este es un texto simulado que ser\u00e1 reemplazado por el texto final. Este es un texto simulado que ser\u00e1 reemplazado por el texto final.<\/p>\n\t\t\t\t\t\t\t\t\t\t\t\t\t\t\t\t\t\t<a href=\"https:\/\/staging.chowamusicpublishing.com\/es\/the-catalog-tracks\/?band=banda-7\" class=\"cmp-band-overlay-link\">\n\t\t\t\t\t\t\t\t\t\tEscuchar pistas\t\t\t\t\t\t\t\t\t<\/a>\n\t\t\t\t\t\t\t\t<\/div>\n\n\t\t\t\t\t\t\t<\/div><!-- .cmp-band-circle -->\n\t\t\t\t\t\t<\/div><!-- .cmp-band-circle-wrap -->\n\n\t\t\t\t\t\t<h3 class=\"cmp-band-name\">Banda 7<\/h3>\n\t\t\t\t\t\t<span class=\"cmp-band-track-count\">\n\t\t\t\t\t\t\t3 tracks\t\t\t\t\t\t<\/span>\n\n\t\t\t\t\t<\/div><!-- .swiper-slide.cmp-band-item -->\n\t\t\t\t\t\t\t\t\t<div class=\"swiper-slide cmp-band-item\" data-band-id=\"744\">\n\n\t\t\t\t\t\t<div class=\"cmp-band-circle-wrap\">\n\t\t\t\t\t\t\t<div class=\"cmp-band-circle\">\n\n\t\t\t\t\t\t\t\t<!-- Foto -->\n\t\t\t\t\t\t\t\t\t\t\t\t\t\t\t\t\t<img decoding=\"async\" src=\"https:\/\/staging.chowamusicpublishing.com\/wp-content\/uploads\/2026\/04\/band8.webp\"\n\t\t\t\t\t\t\t\t\t\t alt=\"Banda 8\"\n\t\t\t\t\t\t\t\t\t\t class=\"cmp-band-photo\"\n\t\t\t\t\t\t\t\t\t\t loading=\"lazy\"\n\t\t\t\t\t\t\t\t\t\/>\n\t\t\t\t\t\t\t\t\n\t\t\t\t\t\t\t\t<!-- Overlay con descripci\u00f3n (visible al hacer click) -->\n\t\t\t\t\t\t\t\t<div class=\"cmp-band-overlay\" aria-hidden=\"true\">\n\t\t\t\t\t\t\t\t\t\t\t\t\t\t\t\t\t\t\t<p class=\"cmp-band-overlay-desc\">Descripci\u00f3n simuladadel artista, este es un texto simulado, que ser\u00e1 reemplazado por el texto definitivo. Este es un texto simulado que ser\u00e1 reemplazado por el texto final. Este es un texto simulado que ser\u00e1 reemplazado por el texto final.<\/p>\n\t\t\t\t\t\t\t\t\t\t\t\t\t\t\t\t\t\t<a href=\"https:\/\/staging.chowamusicpublishing.com\/es\/the-catalog-tracks\/?band=banda-8\" class=\"cmp-band-overlay-link\">\n\t\t\t\t\t\t\t\t\t\tEscuchar pistas\t\t\t\t\t\t\t\t\t<\/a>\n\t\t\t\t\t\t\t\t<\/div>\n\n\t\t\t\t\t\t\t<\/div><!-- .cmp-band-circle -->\n\t\t\t\t\t\t<\/div><!-- .cmp-band-circle-wrap -->\n\n\t\t\t\t\t\t<h3 class=\"cmp-band-name\">Banda 8<\/h3>\n\t\t\t\t\t\t<span class=\"cmp-band-track-count\">\n\t\t\t\t\t\t\t4 tracks\t\t\t\t\t\t<\/span>\n\n\t\t\t\t\t<\/div><!-- .swiper-slide.cmp-band-item -->\n\t\t\t\t\t\t\t\t\t<div class=\"swiper-slide cmp-band-item\" data-band-id=\"746\">\n\n\t\t\t\t\t\t<div class=\"cmp-band-circle-wrap\">\n\t\t\t\t\t\t\t<div class=\"cmp-band-circle\">\n\n\t\t\t\t\t\t\t\t<!-- Foto -->\n\t\t\t\t\t\t\t\t\t\t\t\t\t\t\t\t\t<img decoding=\"async\" src=\"https:\/\/staging.chowamusicpublishing.com\/wp-content\/uploads\/2026\/04\/band9.webp\"\n\t\t\t\t\t\t\t\t\t\t alt=\"Banda 9\"\n\t\t\t\t\t\t\t\t\t\t class=\"cmp-band-photo\"\n\t\t\t\t\t\t\t\t\t\t loading=\"lazy\"\n\t\t\t\t\t\t\t\t\t\/>\n\t\t\t\t\t\t\t\t\n\t\t\t\t\t\t\t\t<!-- Overlay con descripci\u00f3n (visible al hacer click) -->\n\t\t\t\t\t\t\t\t<div class=\"cmp-band-overlay\" aria-hidden=\"true\">\n\t\t\t\t\t\t\t\t\t\t\t\t\t\t\t\t\t\t\t<p class=\"cmp-band-overlay-desc\">Descripci\u00f3n simuladadel artista, este es un texto simulado, que ser\u00e1 reemplazado por el texto definitivo. Este es un texto simulado que ser\u00e1 reemplazado por el texto final. Este es un texto simulado que ser\u00e1 reemplazado por el texto final.<\/p>\n\t\t\t\t\t\t\t\t\t\t\t\t\t\t\t\t\t\t<a href=\"https:\/\/staging.chowamusicpublishing.com\/es\/the-catalog-tracks\/?band=banda-9\" class=\"cmp-band-overlay-link\">\n\t\t\t\t\t\t\t\t\t\tEscuchar pistas\t\t\t\t\t\t\t\t\t<\/a>\n\t\t\t\t\t\t\t\t<\/div>\n\n\t\t\t\t\t\t\t<\/div><!-- .cmp-band-circle -->\n\t\t\t\t\t\t<\/div><!-- .cmp-band-circle-wrap -->\n\n\t\t\t\t\t\t<h3 class=\"cmp-band-name\">Banda 9<\/h3>\n\t\t\t\t\t\t<span class=\"cmp-band-track-count\">\n\t\t\t\t\t\t\t5 tracks\t\t\t\t\t\t<\/span>\n\n\t\t\t\t\t<\/div><!-- .swiper-slide.cmp-band-item -->\n\t\t\t\t\t\t\t\t\t<div class=\"swiper-slide cmp-band-item\" data-band-id=\"230\">\n\n\t\t\t\t\t\t<div class=\"cmp-band-circle-wrap\">\n\t\t\t\t\t\t\t<div class=\"cmp-band-circle\">\n\n\t\t\t\t\t\t\t\t<!-- Foto -->\n\t\t\t\t\t\t\t\t\t\t\t\t\t\t\t\t\t<img decoding=\"async\" src=\"https:\/\/staging.chowamusicpublishing.com\/wp-content\/uploads\/2026\/03\/band1.webp\"\n\t\t\t\t\t\t\t\t\t\t alt=\"En la oscuridad\"\n\t\t\t\t\t\t\t\t\t\t class=\"cmp-band-photo\"\n\t\t\t\t\t\t\t\t\t\t loading=\"lazy\"\n\t\t\t\t\t\t\t\t\t\/>\n\t\t\t\t\t\t\t\t\n\t\t\t\t\t\t\t\t<!-- Overlay con descripci\u00f3n (visible al hacer click) -->\n\t\t\t\t\t\t\t\t<div class=\"cmp-band-overlay\" aria-hidden=\"true\">\n\t\t\t\t\t\t\t\t\t\t\t\t\t\t\t\t\t\t\t<p class=\"cmp-band-overlay-desc\">Descripci\u00f3n simuladadel artista, este es un texto simulado, que ser\u00e1 reemplazado por el texto definitivo. Este es un texto simulado que ser\u00e1 reemplazado por el texto final. Este es un texto simulado que ser\u00e1 reemplazado por el texto final.<\/p>\n\t\t\t\t\t\t\t\t\t\t\t\t\t\t\t\t\t\t<a href=\"https:\/\/staging.chowamusicpublishing.com\/es\/the-catalog-tracks\/?band=en-la-oscuridad\" class=\"cmp-band-overlay-link\">\n\t\t\t\t\t\t\t\t\t\tEscuchar pistas\t\t\t\t\t\t\t\t\t<\/a>\n\t\t\t\t\t\t\t\t<\/div>\n\n\t\t\t\t\t\t\t<\/div><!-- .cmp-band-circle -->\n\t\t\t\t\t\t<\/div><!-- .cmp-band-circle-wrap -->\n\n\t\t\t\t\t\t<h3 class=\"cmp-band-name\">En la oscuridad<\/h3>\n\t\t\t\t\t\t<span class=\"cmp-band-track-count\">\n\t\t\t\t\t\t\t4 tracks\t\t\t\t\t\t<\/span>\n\n\t\t\t\t\t<\/div><!-- .swiper-slide.cmp-band-item -->\n\t\t\t\t\t\t\t\t\t<div class=\"swiper-slide cmp-band-item\" data-band-id=\"228\">\n\n\t\t\t\t\t\t<div class=\"cmp-band-circle-wrap\">\n\t\t\t\t\t\t\t<div class=\"cmp-band-circle\">\n\n\t\t\t\t\t\t\t\t<!-- Foto -->\n\t\t\t\t\t\t\t\t\t\t\t\t\t\t\t\t\t<img decoding=\"async\" src=\"https:\/\/staging.chowamusicpublishing.com\/wp-content\/uploads\/2026\/03\/band2.webp\"\n\t\t\t\t\t\t\t\t\t\t alt=\"Proyecto 129\"\n\t\t\t\t\t\t\t\t\t\t class=\"cmp-band-photo\"\n\t\t\t\t\t\t\t\t\t\t loading=\"lazy\"\n\t\t\t\t\t\t\t\t\t\/>\n\t\t\t\t\t\t\t\t\n\t\t\t\t\t\t\t\t<!-- Overlay con descripci\u00f3n (visible al hacer click) -->\n\t\t\t\t\t\t\t\t<div class=\"cmp-band-overlay\" aria-hidden=\"true\">\n\t\t\t\t\t\t\t\t\t\t\t\t\t\t\t\t\t\t\t<p class=\"cmp-band-overlay-desc\">Descripci\u00f3n simuladadel artista, este es un texto simulado, que ser\u00e1 reemplazado por el texto definitivo. Este es un texto simulado que ser\u00e1 reemplazado por el texto final. Este es un texto simulado que ser\u00e1 reemplazado por el texto final.<\/p>\n\t\t\t\t\t\t\t\t\t\t\t\t\t\t\t\t\t\t<a href=\"https:\/\/staging.chowamusicpublishing.com\/es\/the-catalog-tracks\/?band=proyecto-129\" class=\"cmp-band-overlay-link\">\n\t\t\t\t\t\t\t\t\t\tEscuchar pistas\t\t\t\t\t\t\t\t\t<\/a>\n\t\t\t\t\t\t\t\t<\/div>\n\n\t\t\t\t\t\t\t<\/div><!-- .cmp-band-circle -->\n\t\t\t\t\t\t<\/div><!-- .cmp-band-circle-wrap -->\n\n\t\t\t\t\t\t<h3 class=\"cmp-band-name\">Proyecto 129<\/h3>\n\t\t\t\t\t\t<span class=\"cmp-band-track-count\">\n\t\t\t\t\t\t\t3 tracks\t\t\t\t\t\t<\/span>\n\n\t\t\t\t\t<\/div><!-- .swiper-slide.cmp-band-item -->\n\t\t\t\t\n\t\t\t<\/div><!-- .swiper-wrapper -->\n\t\t<\/div><!-- .swiper.cmp-bands-swiper -->\n\n\t\t<button class=\"cmp-slider-btn cmp-slider-next\" aria-label=\"Next\">\n\t\t\t<svg viewbox=\"0 0 24 24\" fill=\"currentColor\" width=\"24\" height=\"24\"><path d=\"M10 6L8.59 7.41 13.17 12l-4.58 4.59L10 18l6-6z\"\/><\/svg>\n\t\t<\/button>\n\n\t<\/div><!-- .cmp-bands-slider -->\n\n<\/div><!-- .cmp-bands-section -->\n<\/div>\n\t\t\t\t\t\t<\/div>\n\t\t\t\t<\/div>\n\t\t<div class=\"elementor-element elementor-element-2c1ec23 e-flex e-con-boxed e-con e-child\" data-id=\"2c1ec23\" data-element_type=\"container\" data-e-type=\"container\">\n\t\t\t\t\t<div class=\"e-con-inner\">\n\t\t\t\t<div class=\"elementor-element elementor-element-73c9ef6 elementor-invisible elementor-widget elementor-widget-text-editor\" data-id=\"73c9ef6\" data-element_type=\"widget\" data-e-type=\"widget\" data-settings=\"{&quot;_animation&quot;:&quot;fadeInUp&quot;}\" data-widget_type=\"text-editor.default\">\n\t\t\t\t\t\t\t\t\t<p>Las pistas disponibles en esta plataforma est\u00e1n destinadas exclusivamente a fines de evaluaci\u00f3n y previsualizaci\u00f3n interna. Cualquier uso p\u00fablico, emisi\u00f3n, publicaci\u00f3n en l\u00ednea o explotaci\u00f3n comercial requiere la autorizaci\u00f3n previa por escrito de CHOWA MUSIC LICENSING.<\/p>\t\t\t\t\t\t\t\t<\/div>\n\t\t\t\t\t<\/div>\n\t\t\t\t<\/div>\n\t\t\t\t<\/div>\n\t\t\t\t<\/div>\n\t\t\t\t<\/div>","protected":false},"excerpt":{"rendered":"<p>Browse artists Tracks provided on this platform are\u00a0strictly for evaluation and internal preview use. Any public use, broadcast, online publication or commercial exploitation requires\u00a0prior written clearance from CHOWA MUSIC LICENSING.<\/p>","protected":false},"author":1,"featured_media":0,"parent":0,"menu_order":0,"comment_status":"closed","ping_status":"closed","template":"","meta":{"_acf_changed":false,"footnotes":""},"class_list":["post-73","page","type-page","status-publish","hentry"],"acf":[],"_links":{"self":[{"href":"https:\/\/staging.chowamusicpublishing.com\/es\/wp-json\/wp\/v2\/pages\/73","targetHints":{"allow":["GET"]}}],"collection":[{"href":"https:\/\/staging.chowamusicpublishing.com\/es\/wp-json\/wp\/v2\/pages"}],"about":[{"href":"https:\/\/staging.chowamusicpublishing.com\/es\/wp-json\/wp\/v2\/types\/page"}],"author":[{"embeddable":true,"href":"https:\/\/staging.chowamusicpublishing.com\/es\/wp-json\/wp\/v2\/users\/1"}],"replies":[{"embeddable":true,"href":"https:\/\/staging.chowamusicpublishing.com\/es\/wp-json\/wp\/v2\/comments?post=73"}],"version-history":[{"count":63,"href":"https:\/\/staging.chowamusicpublishing.com\/es\/wp-json\/wp\/v2\/pages\/73\/revisions"}],"predecessor-version":[{"id":725,"href":"https:\/\/staging.chowamusicpublishing.com\/es\/wp-json\/wp\/v2\/pages\/73\/revisions\/725"}],"wp:attachment":[{"href":"https:\/\/staging.chowamusicpublishing.com\/es\/wp-json\/wp\/v2\/media?parent=73"}],"curies":[{"name":"wp","href":"https:\/\/api.w.org\/{rel}","templated":true}]}}