{"id":71,"date":"2026-03-30T14:04:12","date_gmt":"2026-03-30T17:04:12","guid":{"rendered":"https:\/\/staging.chowamusicpublishing.com\/?page_id=71"},"modified":"2026-04-05T19:36:18","modified_gmt":"2026-04-05T22:36:18","slug":"for-artists","status":"publish","type":"page","link":"https:\/\/staging.chowamusicpublishing.com\/es\/for-artists\/","title":{"rendered":"para artistas"},"content":{"rendered":"<div data-elementor-type=\"wp-page\" data-elementor-id=\"71\" class=\"elementor elementor-71\" data-elementor-post-type=\"page\">\n\t\t\t\t<div class=\"elementor-element elementor-element-4154545 e-con-full e-flex e-con e-parent\" data-id=\"4154545\" data-element_type=\"container\" data-e-type=\"container\">\n\t\t<section class=\"elementor-element elementor-element-3420c56 e-con-full section-bg e-flex e-con e-child\" data-id=\"3420c56\" data-element_type=\"container\" data-e-type=\"container\">\n\t\t\t\t<div class=\"elementor-element elementor-element-5077422 elementor-widget elementor-widget-html\" data-id=\"5077422\" data-element_type=\"widget\" data-e-type=\"widget\" data-widget_type=\"html.default\">\n\t\t\t\t\t<picture>\r\n  <source media=\"(max-width: 767px)\" srcset=\"https:\/\/staging.chowamusicpublishing.com\/wp-content\/uploads\/2026\/04\/fondoforartistsmobile.webp\">\r\n  <img decoding=\"async\" style=\"display:block;\" src=\"https:\/\/staging.chowamusicpublishing.com\/wp-content\/uploads\/2026\/03\/fondoforartists.webp\" alt=\"\">\r\n<\/picture>\t\t\t\t<\/div>\n\t\t<div class=\"elementor-element elementor-element-48cf29b e-con-full hero-mask-overlay e-flex e-con e-child\" data-id=\"48cf29b\" data-element_type=\"container\" data-e-type=\"container\">\n\t\t\t\t<\/div>\n\t\t<div class=\"elementor-element elementor-element-52fd121 e-flex e-con-boxed e-con e-child\" data-id=\"52fd121\" data-element_type=\"container\" data-e-type=\"container\" data-settings=\"{&quot;position&quot;:&quot;absolute&quot;}\">\n\t\t\t\t\t<div class=\"e-con-inner\">\n\t\t<div class=\"elementor-element elementor-element-54bc8a5 e-con-full e-flex e-con e-child\" data-id=\"54bc8a5\" data-element_type=\"container\" data-e-type=\"container\">\n\t\t\t\t<div class=\"elementor-element elementor-element-5b00e08 elementor-invisible elementor-widget elementor-widget-heading\" data-id=\"5b00e08\" data-element_type=\"widget\" data-e-type=\"widget\" data-settings=\"{&quot;_animation&quot;:&quot;fadeInLeft&quot;}\" data-widget_type=\"heading.default\">\n\t\t\t\t\t<h1 class=\"elementor-heading-title elementor-size-default\">para <br>\nartistas<\/h1>\t\t\t\t<\/div>\n\t\t\t\t<div class=\"elementor-element elementor-element-ec206c4 elementor-invisible elementor-widget elementor-widget-heading\" data-id=\"ec206c4\" data-element_type=\"widget\" data-e-type=\"widget\" data-settings=\"{&quot;_animation&quot;:&quot;fadeInLeft&quot;}\" data-widget_type=\"heading.default\">\n\t\t\t\t\t<h5 class=\"elementor-heading-title elementor-size-default\">Trabajamos con artistas que quieren que su m\u00fasica cobre vida a trav\u00e9s de las im\u00e1genes.<br><br>\nNo se trata solo de m\u00e1s visibilidad, sino de la visibilidad adecuada.<\/h5>\t\t\t\t<\/div>\n\t\t\t\t<\/div>\n\t\t<div class=\"elementor-element elementor-element-da38736 e-con-full e-flex e-con e-child\" data-id=\"da38736\" data-element_type=\"container\" data-e-type=\"container\">\n\t\t\t\t<div class=\"elementor-element elementor-element-596c969 elementor-invisible elementor-widget elementor-widget-heading\" data-id=\"596c969\" data-element_type=\"widget\" data-e-type=\"widget\" data-settings=\"{&quot;_animation&quot;:&quot;fadeInRight&quot;}\" data-widget_type=\"heading.default\">\n\t\t\t\t\t<h5 class=\"elementor-heading-title elementor-size-default\">CHOWA conecta tu m\u00fasica con la publicidad, el cine, las series y los contenidos de marca, donde el contexto, la emoci\u00f3n y el momento adecuado determinan c\u00f3mo se percibe \u2014y se recuerda\u2014 una canci\u00f3n.<\/h5>\t\t\t\t<\/div>\n\t\t\t\t<\/div>\n\t\t\t\t\t<\/div>\n\t\t\t\t<\/div>\n\t\t\t\t<\/section>\n\t\t<section class=\"elementor-element elementor-element-59d2c11 e-con-full bg-section-wall e-flex e-con e-child\" data-id=\"59d2c11\" data-element_type=\"container\" data-e-type=\"container\" data-settings=\"{&quot;background_background&quot;:&quot;classic&quot;}\">\n\t\t<div class=\"elementor-element elementor-element-ec296ce e-flex e-con-boxed e-con e-child\" data-id=\"ec296ce\" data-element_type=\"container\" data-e-type=\"container\">\n\t\t\t\t\t<div class=\"e-con-inner\">\n\t\t\t\t<div class=\"elementor-element elementor-element-1aa8b33 elementor-invisible elementor-widget elementor-widget-heading\" data-id=\"1aa8b33\" data-element_type=\"widget\" data-e-type=\"widget\" data-settings=\"{&quot;_animation&quot;:&quot;fadeInUp&quot;}\" data-widget_type=\"heading.default\">\n\t\t\t\t\t<h4 class=\"elementor-heading-title elementor-size-default\">\u00bfPor qu\u00e9 CHOWA?<\/h4>\t\t\t\t<\/div>\n\t\t<div class=\"elementor-element elementor-element-1d5cf21 e-grid e-con-full mi-slider-mobileposttips e-con e-child\" data-id=\"1d5cf21\" data-element_type=\"container\" data-e-type=\"container\">\n\t\t<div class=\"elementor-element elementor-element-87cf74f e-con-full e-flex e-con e-child\" data-id=\"87cf74f\" data-element_type=\"container\" data-e-type=\"container\">\n\t\t<div class=\"elementor-element elementor-element-d19c071 e-con-full e-transform postip-container-anim e-flex e-con e-child\" data-id=\"d19c071\" data-element_type=\"container\" data-e-type=\"container\" data-settings=\"{&quot;background_background&quot;:&quot;classic&quot;,&quot;position&quot;:&quot;absolute&quot;,&quot;_transform_rotateZ_effect&quot;:{&quot;unit&quot;:&quot;px&quot;,&quot;size&quot;:-3,&quot;sizes&quot;:[]},&quot;_transform_rotateZ_effect_tablet&quot;:{&quot;unit&quot;:&quot;deg&quot;,&quot;size&quot;:&quot;&quot;,&quot;sizes&quot;:[]},&quot;_transform_rotateZ_effect_mobile&quot;:{&quot;unit&quot;:&quot;deg&quot;,&quot;size&quot;:&quot;&quot;,&quot;sizes&quot;:[]}}\">\n\t\t\t\t<\/div>\n\t\t\t\t<div class=\"elementor-element elementor-element-dca5ea9 elementor-invisible elementor-widget elementor-widget-text-editor\" data-id=\"dca5ea9\" data-element_type=\"widget\" data-e-type=\"widget\" data-settings=\"{&quot;_animation&quot;:&quot;fadeIn&quot;}\" data-widget_type=\"text-editor.default\">\n\t\t\t\t\t\t\t\t\t<p><strong>Tu m\u00fasica,<\/strong><br \/><strong>en los proyectos adecuados<\/strong><\/p><p>No difundimos tu cat\u00e1logo por todas partes.<\/p><p>Ponemos tu m\u00fasica donde mejor encaja, tanto desde el punto de vista creativo como cultural.<br \/>Esto se traduce en mejores relaciones, un mayor impacto y valor a largo plazo.<\/p>\t\t\t\t\t\t\t\t<\/div>\n\t\t\t\t<\/div>\n\t\t<div class=\"elementor-element elementor-element-566da48 e-con-full e-flex e-con e-child\" data-id=\"566da48\" data-element_type=\"container\" data-e-type=\"container\">\n\t\t<div class=\"elementor-element elementor-element-7f38640 e-con-full e-transform postip-container-anim e-flex e-con e-child\" data-id=\"7f38640\" data-element_type=\"container\" data-e-type=\"container\" data-settings=\"{&quot;background_background&quot;:&quot;classic&quot;,&quot;position&quot;:&quot;absolute&quot;,&quot;_transform_rotateZ_effect&quot;:{&quot;unit&quot;:&quot;px&quot;,&quot;size&quot;:1,&quot;sizes&quot;:[]},&quot;_transform_rotateZ_effect_tablet&quot;:{&quot;unit&quot;:&quot;deg&quot;,&quot;size&quot;:&quot;&quot;,&quot;sizes&quot;:[]},&quot;_transform_rotateZ_effect_mobile&quot;:{&quot;unit&quot;:&quot;deg&quot;,&quot;size&quot;:&quot;&quot;,&quot;sizes&quot;:[]}}\">\n\t\t\t\t<\/div>\n\t\t\t\t<div class=\"elementor-element elementor-element-e8e10a8 elementor-invisible elementor-widget elementor-widget-text-editor\" data-id=\"e8e10a8\" data-element_type=\"widget\" data-e-type=\"widget\" data-settings=\"{&quot;_animation&quot;:&quot;fadeIn&quot;}\" data-widget_type=\"text-editor.default\">\n\t\t\t\t\t\t\t\t\t<p><strong>Menos pistas,<\/strong><br \/><strong>m\u00e1s atenci\u00f3n<\/strong><\/p><p>Trabajamos con una <strong>lista seleccionada<\/strong>, no una biblioteca enorme.<\/p><p>Tu m\u00fasica no se pierde.<br \/>Llama la atenci\u00f3n, se posiciona bien y se tiene muy en cuenta.<\/p>\t\t\t\t\t\t\t\t<\/div>\n\t\t\t\t<\/div>\n\t\t<div class=\"elementor-element elementor-element-b42df38 e-con-full e-flex e-con e-child\" data-id=\"b42df38\" data-element_type=\"container\" data-e-type=\"container\">\n\t\t<div class=\"elementor-element elementor-element-c3f387e e-con-full e-transform postip-container-anim e-flex e-con e-child\" data-id=\"c3f387e\" data-element_type=\"container\" data-e-type=\"container\" data-settings=\"{&quot;background_background&quot;:&quot;classic&quot;,&quot;position&quot;:&quot;absolute&quot;,&quot;_transform_rotateZ_effect&quot;:{&quot;unit&quot;:&quot;px&quot;,&quot;size&quot;:4,&quot;sizes&quot;:[]},&quot;_transform_rotateZ_effect_tablet&quot;:{&quot;unit&quot;:&quot;deg&quot;,&quot;size&quot;:&quot;&quot;,&quot;sizes&quot;:[]},&quot;_transform_rotateZ_effect_mobile&quot;:{&quot;unit&quot;:&quot;deg&quot;,&quot;size&quot;:&quot;&quot;,&quot;sizes&quot;:[]}}\">\n\t\t\t\t<\/div>\n\t\t\t\t<div class=\"elementor-element elementor-element-9cc88ed elementor-invisible elementor-widget elementor-widget-text-editor\" data-id=\"9cc88ed\" data-element_type=\"widget\" data-e-type=\"widget\" data-settings=\"{&quot;_animation&quot;:&quot;fadeIn&quot;}\" data-widget_type=\"text-editor.default\">\n\t\t\t\t\t\t\t\t\t<p><strong>Enfoque centrado en la sincronizaci\u00f3n<\/strong><\/p><p>Tu m\u00fasica se adapta y se presenta para los medios audiovisuales:<\/p><ul><li>Borrar estructura y puntos de edici\u00f3n<\/li><li>Versiones instrumentales \/ alternativas<\/li><li>Metadatos dise\u00f1ados para la presentaci\u00f3n de proyectos<\/li><li>Hacemos que sea m\u00e1s f\u00e1cil que elijan tu m\u00fasica.<\/li><\/ul>\t\t\t\t\t\t\t\t<\/div>\n\t\t\t\t<\/div>\n\t\t<div class=\"elementor-element elementor-element-c81dbaf e-con-full e-flex e-con e-child\" data-id=\"c81dbaf\" data-element_type=\"container\" data-e-type=\"container\">\n\t\t<div class=\"elementor-element elementor-element-e91d43c e-con-full e-transform postip-container-anim e-flex e-con e-child\" data-id=\"e91d43c\" data-element_type=\"container\" data-e-type=\"container\" data-settings=\"{&quot;background_background&quot;:&quot;classic&quot;,&quot;position&quot;:&quot;absolute&quot;,&quot;_transform_rotateZ_effect&quot;:{&quot;unit&quot;:&quot;px&quot;,&quot;size&quot;:-3,&quot;sizes&quot;:[]},&quot;_transform_rotateZ_effect_tablet&quot;:{&quot;unit&quot;:&quot;deg&quot;,&quot;size&quot;:&quot;&quot;,&quot;sizes&quot;:[]},&quot;_transform_rotateZ_effect_mobile&quot;:{&quot;unit&quot;:&quot;deg&quot;,&quot;size&quot;:&quot;&quot;,&quot;sizes&quot;:[]}}\">\n\t\t\t\t<\/div>\n\t\t\t\t<div class=\"elementor-element elementor-element-5d0ebe8 elementor-invisible elementor-widget elementor-widget-text-editor\" data-id=\"5d0ebe8\" data-element_type=\"widget\" data-e-type=\"widget\" data-settings=\"{&quot;_animation&quot;:&quot;fadeIn&quot;}\" data-widget_type=\"text-editor.default\">\n\t\t\t\t\t\t\t\t\t<p><strong>Publicaci\u00f3n y recaudaci\u00f3n de derechos de autor<\/strong><\/p><p>Gestionamos y protegemos tus derechos de publicaci\u00f3n a nivel mundial. Seg\u00fan lo establecido en el contrato, nos encargamos de:<\/p><ul><li>Registro de obras en entidades de gesti\u00f3n colectiva y sociedades<\/li><li>Recaudaci\u00f3n internacional de derechos de autor (de ejecuci\u00f3n, mec\u00e1nicos y digitales)<\/li><li>Relaciones de subedici\u00f3n en territorios clave<\/li><li>Negociaci\u00f3n de tarifas de sincronizaci\u00f3n y seguimiento de ingresos<\/li><li>C\u00e9ntrate en crear.<\/li><li>Nos aseguramos de que tus derechos se gestionen y se rentabilicen adecuadamente.<\/li><\/ul>\t\t\t\t\t\t\t\t<\/div>\n\t\t\t\t<\/div>\n\t\t<div class=\"elementor-element elementor-element-a62daee e-con-full e-flex e-con e-child\" data-id=\"a62daee\" data-element_type=\"container\" data-e-type=\"container\">\n\t\t<div class=\"elementor-element elementor-element-6013139 e-con-full e-transform postip-container-anim e-flex e-con e-child\" data-id=\"6013139\" data-element_type=\"container\" data-e-type=\"container\" data-settings=\"{&quot;background_background&quot;:&quot;classic&quot;,&quot;position&quot;:&quot;absolute&quot;,&quot;_transform_rotateZ_effect&quot;:{&quot;unit&quot;:&quot;px&quot;,&quot;size&quot;:1,&quot;sizes&quot;:[]},&quot;_transform_rotateZ_effect_tablet&quot;:{&quot;unit&quot;:&quot;deg&quot;,&quot;size&quot;:&quot;&quot;,&quot;sizes&quot;:[]},&quot;_transform_rotateZ_effect_mobile&quot;:{&quot;unit&quot;:&quot;deg&quot;,&quot;size&quot;:&quot;&quot;,&quot;sizes&quot;:[]}}\">\n\t\t\t\t<\/div>\n\t\t\t\t<div class=\"elementor-element elementor-element-934e6c4 elementor-invisible elementor-widget elementor-widget-text-editor\" data-id=\"934e6c4\" data-element_type=\"widget\" data-e-type=\"widget\" data-settings=\"{&quot;_animation&quot;:&quot;fadeIn&quot;}\" data-widget_type=\"text-editor.default\">\n\t\t\t\t\t\t\t\t\t<p><strong>Ofertas pensadas especialmente para ti<\/strong><\/p><p>En funci\u00f3n del proyecto, trabajamos seg\u00fan:<\/p><ul><li>Representaci\u00f3n solo de sincronizaci\u00f3n<\/li><li>Publicaciones limitadas (especializadas en el sector audiovisual)<\/li><li>Alianzas editoriales completas<\/li><li>No hay ofertas v\u00e1lidas para todos.<\/li><li>Cada oportunidad est\u00e1 dise\u00f1ada para que te resulte \u00fatil.<\/li><\/ul>\t\t\t\t\t\t\t\t<\/div>\n\t\t\t\t<\/div>\n\t\t<div class=\"elementor-element elementor-element-076c101 e-con-full e-flex e-con e-child\" data-id=\"076c101\" data-element_type=\"container\" data-e-type=\"container\">\n\t\t<div class=\"elementor-element elementor-element-7ad7c5e e-con-full e-transform postip-container-anim e-flex e-con e-child\" data-id=\"7ad7c5e\" data-element_type=\"container\" data-e-type=\"container\" data-settings=\"{&quot;background_background&quot;:&quot;classic&quot;,&quot;position&quot;:&quot;absolute&quot;,&quot;_transform_rotateZ_effect&quot;:{&quot;unit&quot;:&quot;px&quot;,&quot;size&quot;:4,&quot;sizes&quot;:[]},&quot;_transform_rotateZ_effect_tablet&quot;:{&quot;unit&quot;:&quot;deg&quot;,&quot;size&quot;:&quot;&quot;,&quot;sizes&quot;:[]},&quot;_transform_rotateZ_effect_mobile&quot;:{&quot;unit&quot;:&quot;deg&quot;,&quot;size&quot;:&quot;&quot;,&quot;sizes&quot;:[]}}\">\n\t\t\t\t<\/div>\n\t\t\t\t<div class=\"elementor-element elementor-element-bdcf8e9 elementor-invisible elementor-widget elementor-widget-text-editor\" data-id=\"bdcf8e9\" data-element_type=\"widget\" data-e-type=\"widget\" data-settings=\"{&quot;_animation&quot;:&quot;fadeIn&quot;}\" data-widget_type=\"text-editor.default\">\n\t\t\t\t\t\t\t\t\t<p><strong>Respeto creativo<\/strong><br \/><strong>+ claridad comercial<\/strong><\/p><p>Nos importa d\u00f3nde acaba tu m\u00fasica.<\/p><p>Evitamos la sobreexposici\u00f3n, los conflictos y las colaboraciones que diluyen tu identidad.<br \/>Al mismo tiempo, nos aseguramos de que los acuerdos sean claros, justos y eficaces.<\/p>\t\t\t\t\t\t\t\t<\/div>\n\t\t\t\t<\/div>\n\t\t\t\t<\/div>\n\t\t\t\t\t<\/div>\n\t\t\t\t<\/div>\n\t\t\t\t<\/section>\n\t\t<section class=\"elementor-element elementor-element-c9438ab e-con-full bg-section-wall e-flex e-con e-child\" data-id=\"c9438ab\" data-element_type=\"container\" data-e-type=\"container\" data-settings=\"{&quot;background_background&quot;:&quot;classic&quot;}\">\n\t\t<div class=\"elementor-element elementor-element-f2c33eb e-flex e-con-boxed e-con e-child\" data-id=\"f2c33eb\" data-element_type=\"container\" data-e-type=\"container\">\n\t\t\t\t\t<div class=\"e-con-inner\">\n\t\t\t\t<div class=\"elementor-element elementor-element-3a04e62 elementor-invisible elementor-widget elementor-widget-heading\" data-id=\"3a04e62\" data-element_type=\"widget\" data-e-type=\"widget\" data-settings=\"{&quot;_animation&quot;:&quot;fadeInUp&quot;}\" data-widget_type=\"heading.default\">\n\t\t\t\t\t<h4 class=\"elementor-heading-title elementor-size-default\">Qu\u00e9 puedes esperar<\/h4>\t\t\t\t<\/div>\n\t\t<div class=\"elementor-element elementor-element-1899d75 e-grid e-con-full e-con e-child\" data-id=\"1899d75\" data-element_type=\"container\" data-e-type=\"container\">\n\t\t<div class=\"elementor-element elementor-element-7b679b4 e-con-full e-flex elementor-invisible e-con e-child\" data-id=\"7b679b4\" data-element_type=\"container\" data-e-type=\"container\" data-settings=\"{&quot;animation&quot;:&quot;fadeInUp&quot;,&quot;background_background&quot;:&quot;classic&quot;}\">\n\t\t\t\t<div class=\"elementor-element elementor-element-e15d931 elementor-widget elementor-widget-text-editor\" data-id=\"e15d931\" data-element_type=\"widget\" data-e-type=\"widget\" data-widget_type=\"text-editor.default\">\n\t\t\t\t\t\t\t\t\t<ul><li>Promoci\u00f3n activa ante agencias, productores y marcas<\/li><li>Una comunicaci\u00f3n clara sobre las oportunidades<\/li><\/ul>\t\t\t\t\t\t\t\t<\/div>\n\t\t\t\t<\/div>\n\t\t<div class=\"elementor-element elementor-element-2bd87f7 e-con-full e-flex elementor-invisible e-con e-child\" data-id=\"2bd87f7\" data-element_type=\"container\" data-e-type=\"container\" data-settings=\"{&quot;animation&quot;:&quot;fadeInUp&quot;,&quot;background_background&quot;:&quot;classic&quot;}\">\n\t\t\t\t<div class=\"elementor-element elementor-element-5574402 elementor-widget elementor-widget-text-editor\" data-id=\"5574402\" data-element_type=\"widget\" data-e-type=\"widget\" data-widget_type=\"text-editor.default\">\n\t\t\t\t\t\t\t\t\t<ul><li>Toma r\u00e1pida de decisiones cuando surgen proyectos<\/li><li>Una estrategia de cat\u00e1logo a largo plazo, en lugar de publicaciones puntuales<\/li><li>Gesti\u00f3n transparente de los derechos y los ingresos<\/li><\/ul>\t\t\t\t\t\t\t\t<\/div>\n\t\t\t\t<\/div>\n\t\t\t\t<\/div>\n\t\t<div class=\"elementor-element elementor-element-6de7a4b e-con-full e-flex e-con e-child\" data-id=\"6de7a4b\" data-element_type=\"container\" data-e-type=\"container\">\n\t\t\t\t<div class=\"elementor-element elementor-element-f030b71 elementor-invisible elementor-widget elementor-widget-text-editor\" data-id=\"f030b71\" data-element_type=\"widget\" data-e-type=\"widget\" data-settings=\"{&quot;_animation&quot;:&quot;fadeInUp&quot;}\" data-widget_type=\"text-editor.default\">\n\t\t\t\t\t\t\t\t\t<p><strong>Importante<\/strong><\/p><p>Colaboramos con artistas cuya m\u00fasica se presta de forma natural a la narraci\u00f3n visual. Si tu estilo musical encaja en ese \u00e1mbito, nos encantar\u00eda que te pusieras en contacto con nosotros.<\/p>\t\t\t\t\t\t\t\t<\/div>\n\t\t<div class=\"elementor-element elementor-element-547fcf9 e-grid e-con-full e-con e-child\" data-id=\"547fcf9\" data-element_type=\"container\" data-e-type=\"container\">\n\t\t\t\t<div class=\"elementor-element elementor-element-33d9a99 elementor-invisible elementor-widget elementor-widget-button\" data-id=\"33d9a99\" data-element_type=\"widget\" data-e-type=\"widget\" data-settings=\"{&quot;_animation&quot;:&quot;fadeInUp&quot;}\" data-widget_type=\"button.default\">\n\t\t\t\t\t\t\t\t\t\t<a class=\"elementor-button elementor-button-link elementor-size-sm\" href=\"#elementor-action%3Aaction%3Dpopup%3Aopen%26settings%3DeyJpZCI6IjcwOSIsInRvZ2dsZSI6ZmFsc2V9\">\n\t\t\t\t\t\t<span class=\"elementor-button-content-wrapper\">\n\t\t\t\t\t\t\t\t\t<span class=\"elementor-button-text\">Enviar m\u00fasica<\/span>\n\t\t\t\t\t<\/span>\n\t\t\t\t\t<\/a>\n\t\t\t\t\t\t\t\t<\/div>\n\t\t\t\t<\/div>\n\t\t\t\t<\/div>\n\t\t\t\t\t<\/div>\n\t\t\t\t<\/div>\n\t\t\t\t<\/section>\n\t\t\t\t<\/div>\n\t\t\t\t<\/div>","protected":false},"excerpt":{"rendered":"<p>for artists We work with artists who want their music to live in images. Not just more exposure \u2014 the right exposure. CHOWA connects your music with advertising, film, series and branded content, where context, emotion and timing define how a track is perceived \u2014 and remembered. Why CHOWA Your music,in the right projects We [&hellip;]<\/p>\n","protected":false},"author":1,"featured_media":0,"parent":0,"menu_order":0,"comment_status":"closed","ping_status":"closed","template":"","meta":{"_acf_changed":false,"footnotes":""},"class_list":["post-71","page","type-page","status-publish","hentry"],"acf":[],"_links":{"self":[{"href":"https:\/\/staging.chowamusicpublishing.com\/es\/wp-json\/wp\/v2\/pages\/71","targetHints":{"allow":["GET"]}}],"collection":[{"href":"https:\/\/staging.chowamusicpublishing.com\/es\/wp-json\/wp\/v2\/pages"}],"about":[{"href":"https:\/\/staging.chowamusicpublishing.com\/es\/wp-json\/wp\/v2\/types\/page"}],"author":[{"embeddable":true,"href":"https:\/\/staging.chowamusicpublishing.com\/es\/wp-json\/wp\/v2\/users\/1"}],"replies":[{"embeddable":true,"href":"https:\/\/staging.chowamusicpublishing.com\/es\/wp-json\/wp\/v2\/comments?post=71"}],"version-history":[{"count":76,"href":"https:\/\/staging.chowamusicpublishing.com\/es\/wp-json\/wp\/v2\/pages\/71\/revisions"}],"predecessor-version":[{"id":714,"href":"https:\/\/staging.chowamusicpublishing.com\/es\/wp-json\/wp\/v2\/pages\/71\/revisions\/714"}],"wp:attachment":[{"href":"https:\/\/staging.chowamusicpublishing.com\/es\/wp-json\/wp\/v2\/media?parent=71"}],"curies":[{"name":"wp","href":"https:\/\/api.w.org\/{rel}","templated":true}]}}