{"id":69,"date":"2026-03-30T14:03:52","date_gmt":"2026-03-30T17:03:52","guid":{"rendered":"https:\/\/staging.chowamusicpublishing.com\/?page_id=69"},"modified":"2026-04-05T19:48:00","modified_gmt":"2026-04-05T22:48:00","slug":"for-creatives-producers","status":"publish","type":"page","link":"https:\/\/staging.chowamusicpublishing.com\/es\/for-creatives-producers\/","title":{"rendered":"para creativos &amp; productores"},"content":{"rendered":"<div data-elementor-type=\"wp-page\" data-elementor-id=\"69\" class=\"elementor elementor-69\" data-elementor-post-type=\"page\">\n\t\t\t\t<div class=\"elementor-element elementor-element-4757e55 e-con-full e-flex e-con e-parent\" data-id=\"4757e55\" data-element_type=\"container\" data-e-type=\"container\">\n\t\t<section class=\"elementor-element elementor-element-aa484a1 e-con-full section-bg e-flex e-con e-child\" data-id=\"aa484a1\" data-element_type=\"container\" data-e-type=\"container\">\n\t\t\t\t<div class=\"elementor-element elementor-element-0259061 elementor-widget elementor-widget-html\" data-id=\"0259061\" data-element_type=\"widget\" data-e-type=\"widget\" data-widget_type=\"html.default\">\n\t\t\t\t\t<picture>\r\n  <source media=\"(max-width: 767px)\" srcset=\"https:\/\/staging.chowamusicpublishing.com\/wp-content\/uploads\/2026\/04\/fondoforcreativesproducersmobile.webp\">\r\n  <img decoding=\"async\" src=\"https:\/\/staging.chowamusicpublishing.com\/wp-content\/uploads\/2026\/03\/fondoforcreativeproducers.webp\" alt=\"\">\r\n<\/picture>\t\t\t\t<\/div>\n\t\t<div class=\"elementor-element elementor-element-a810941 e-con-full hero-mask-overlay e-flex e-con e-child\" data-id=\"a810941\" data-element_type=\"container\" data-e-type=\"container\">\n\t\t\t\t<\/div>\n\t\t<div class=\"elementor-element elementor-element-e5569c0 e-flex e-con-boxed e-con e-child\" data-id=\"e5569c0\" data-element_type=\"container\" data-e-type=\"container\" data-settings=\"{&quot;position&quot;:&quot;absolute&quot;}\">\n\t\t\t\t\t<div class=\"e-con-inner\">\n\t\t<div class=\"elementor-element elementor-element-d38a8c1 e-con-full e-flex e-con e-child\" data-id=\"d38a8c1\" data-element_type=\"container\" data-e-type=\"container\">\n\t\t\t\t<div class=\"elementor-element elementor-element-d117720 elementor-invisible elementor-widget elementor-widget-heading\" data-id=\"d117720\" data-element_type=\"widget\" data-e-type=\"widget\" data-settings=\"{&quot;_animation&quot;:&quot;fadeInLeft&quot;}\" data-widget_type=\"heading.default\">\n\t\t\t\t\t<h1 class=\"elementor-heading-title elementor-size-default\">para <br>\ncreativos <br>\n&amp; productores<\/h1>\t\t\t\t<\/div>\n\t\t\t\t<div class=\"elementor-element elementor-element-6f893e0 elementor-invisible elementor-widget elementor-widget-heading\" data-id=\"6f893e0\" data-element_type=\"widget\" data-e-type=\"widget\" data-settings=\"{&quot;_animation&quot;:&quot;fadeInLeft&quot;}\" data-widget_type=\"heading.default\">\n\t\t\t\t\t<h5 class=\"elementor-heading-title elementor-size-default\">Incluye la m\u00fasica en tu montaje. F\u00edjate en c\u00f3mo\nsuena. Cuando encaje, nosotros nos encargamos\ndel resto.<\/h5>\t\t\t\t<\/div>\n\t\t\t\t<\/div>\n\t\t<div class=\"elementor-element elementor-element-784e586 e-con-full e-flex e-con e-child\" data-id=\"784e586\" data-element_type=\"container\" data-e-type=\"container\">\n\t\t\t\t<div class=\"elementor-element elementor-element-d7250ef elementor-invisible elementor-widget elementor-widget-heading\" data-id=\"d7250ef\" data-element_type=\"widget\" data-e-type=\"widget\" data-settings=\"{&quot;_animation&quot;:&quot;fadeInRight&quot;}\" data-widget_type=\"heading.default\">\n\t\t\t\t\t<h5 class=\"elementor-heading-title elementor-size-default\">CHOWA est\u00e1 dise\u00f1ado para adaptarse a los flujos de trabajo reales de producci\u00f3n, no para navegar por bibliotecas. Podr\u00e1s evaluar la m\u00fasica como es debido, tomar decisiones m\u00e1s r\u00e1pidamente y resolver los derechos de autor sin complicaciones.<\/h5>\t\t\t\t<\/div>\n\t\t\t\t<\/div>\n\t\t\t\t\t<\/div>\n\t\t\t\t<\/div>\n\t\t\t\t<\/section>\n\t\t<section class=\"elementor-element elementor-element-1788571 e-con-full bg-section-wall e-flex e-con e-child\" data-id=\"1788571\" data-element_type=\"container\" data-e-type=\"container\" data-settings=\"{&quot;background_background&quot;:&quot;classic&quot;}\">\n\t\t<div class=\"elementor-element elementor-element-0c61983 e-flex e-con-boxed e-con e-child\" data-id=\"0c61983\" data-element_type=\"container\" data-e-type=\"container\">\n\t\t\t\t\t<div class=\"e-con-inner\">\n\t\t\t\t<div class=\"elementor-element elementor-element-647dc3a elementor-invisible elementor-widget elementor-widget-heading\" data-id=\"647dc3a\" data-element_type=\"widget\" data-e-type=\"widget\" data-settings=\"{&quot;_animation&quot;:&quot;fadeInUp&quot;}\" data-widget_type=\"heading.default\">\n\t\t\t\t\t<h4 class=\"elementor-heading-title elementor-size-default\">C\u00f3mo utilizarlo<\/h4>\t\t\t\t<\/div>\n\t\t<div class=\"elementor-element elementor-element-7d48463 e-grid e-con-full mi-slider-mobileposttips e-con e-child\" data-id=\"7d48463\" data-element_type=\"container\" data-e-type=\"container\">\n\t\t<div class=\"elementor-element elementor-element-c5c34cc e-con-full e-flex e-con e-child\" data-id=\"c5c34cc\" data-element_type=\"container\" data-e-type=\"container\">\n\t\t<div class=\"elementor-element elementor-element-e4afde7 e-con-full e-transform postip-container-anim e-flex e-con e-child\" data-id=\"e4afde7\" data-element_type=\"container\" data-e-type=\"container\" data-settings=\"{&quot;background_background&quot;:&quot;classic&quot;,&quot;position&quot;:&quot;absolute&quot;,&quot;_transform_rotateZ_effect&quot;:{&quot;unit&quot;:&quot;px&quot;,&quot;size&quot;:-3,&quot;sizes&quot;:[]},&quot;_transform_rotateZ_effect_tablet&quot;:{&quot;unit&quot;:&quot;deg&quot;,&quot;size&quot;:&quot;&quot;,&quot;sizes&quot;:[]},&quot;_transform_rotateZ_effect_mobile&quot;:{&quot;unit&quot;:&quot;deg&quot;,&quot;size&quot;:&quot;&quot;,&quot;sizes&quot;:[]}}\">\n\t\t\t\t<\/div>\n\t\t\t\t<div class=\"elementor-element elementor-element-b392b92 elementor-invisible elementor-widget elementor-widget-text-editor\" data-id=\"b392b92\" data-element_type=\"widget\" data-e-type=\"widget\" data-settings=\"{&quot;_animation&quot;:&quot;fadeIn&quot;}\" data-widget_type=\"text-editor.default\">\n\t\t\t\t\t\t\t\t\t<p><strong>Trabaja en tu cronolog\u00eda, no en la teor\u00eda<\/strong><\/p><p>Descarga las versiones preliminares y util\u00edzalas en tus ediciones sin conexi\u00f3n o en tus presentaciones internas.<\/p><p>Sin marcas de agua. Sin limitaciones artificiales.<br \/>Si te queda bien, lo sabr\u00e1s enseguida.<\/p>\t\t\t\t\t\t\t\t<\/div>\n\t\t\t\t<\/div>\n\t\t<div class=\"elementor-element elementor-element-2af2ad9 e-con-full e-flex e-con e-child\" data-id=\"2af2ad9\" data-element_type=\"container\" data-e-type=\"container\">\n\t\t<div class=\"elementor-element elementor-element-40fbd76 e-con-full e-transform postip-container-anim e-flex e-con e-child\" data-id=\"40fbd76\" data-element_type=\"container\" data-e-type=\"container\" data-settings=\"{&quot;background_background&quot;:&quot;classic&quot;,&quot;position&quot;:&quot;absolute&quot;,&quot;_transform_rotateZ_effect&quot;:{&quot;unit&quot;:&quot;px&quot;,&quot;size&quot;:1,&quot;sizes&quot;:[]},&quot;_transform_rotateZ_effect_tablet&quot;:{&quot;unit&quot;:&quot;deg&quot;,&quot;size&quot;:&quot;&quot;,&quot;sizes&quot;:[]},&quot;_transform_rotateZ_effect_mobile&quot;:{&quot;unit&quot;:&quot;deg&quot;,&quot;size&quot;:&quot;&quot;,&quot;sizes&quot;:[]}}\">\n\t\t\t\t<\/div>\n\t\t\t\t<div class=\"elementor-element elementor-element-f8d4b63 elementor-invisible elementor-widget elementor-widget-text-editor\" data-id=\"f8d4b63\" data-element_type=\"widget\" data-e-type=\"widget\" data-settings=\"{&quot;_animation&quot;:&quot;fadeIn&quot;}\" data-widget_type=\"text-editor.default\">\n\t\t\t\t\t\t\t\t\t<p><strong>Claro cuando importa<\/strong><\/p><p>Una vez reservada la pista, nos encargamos directamente del tr\u00e1mite de autorizaci\u00f3n.<\/p><p>Sin gesti\u00f3n automatizada de licencias. Sin aprobaciones fragmentadas.<\/p><p>Hablas con una persona y obtienes una respuesta clara.<\/p>\t\t\t\t\t\t\t\t<\/div>\n\t\t\t\t<\/div>\n\t\t<div class=\"elementor-element elementor-element-5c39ca6 e-con-full e-flex e-con e-child\" data-id=\"5c39ca6\" data-element_type=\"container\" data-e-type=\"container\">\n\t\t<div class=\"elementor-element elementor-element-b6cab4f e-con-full e-transform postip-container-anim e-flex e-con e-child\" data-id=\"b6cab4f\" data-element_type=\"container\" data-e-type=\"container\" data-settings=\"{&quot;background_background&quot;:&quot;classic&quot;,&quot;position&quot;:&quot;absolute&quot;,&quot;_transform_rotateZ_effect&quot;:{&quot;unit&quot;:&quot;px&quot;,&quot;size&quot;:4,&quot;sizes&quot;:[]},&quot;_transform_rotateZ_effect_tablet&quot;:{&quot;unit&quot;:&quot;deg&quot;,&quot;size&quot;:&quot;&quot;,&quot;sizes&quot;:[]},&quot;_transform_rotateZ_effect_mobile&quot;:{&quot;unit&quot;:&quot;deg&quot;,&quot;size&quot;:&quot;&quot;,&quot;sizes&quot;:[]}}\">\n\t\t\t\t<\/div>\n\t\t\t\t<div class=\"elementor-element elementor-element-43cc9c5 elementor-invisible elementor-widget elementor-widget-text-editor\" data-id=\"43cc9c5\" data-element_type=\"widget\" data-e-type=\"widget\" data-settings=\"{&quot;_animation&quot;:&quot;fadeIn&quot;}\" data-widget_type=\"text-editor.default\">\n\t\t\t\t\t\t\t\t\t<p><strong>Solicita autorizaci\u00f3n y te lo confirmaremos:<\/strong><\/p><ul><li>Disponibilidad<\/li><li>Exclusividad (por marca, categor\u00eda o campa\u00f1a)<\/li><li>\u00c1mbito de aplicaci\u00f3n y vigencia<\/li><li>Se ajusta al presupuesto<\/li><\/ul><p>\u00a0<\/p><p>Si una canci\u00f3n no est\u00e1 disponible, te lo diremos enseguida.<\/p><p>Si es as\u00ed, adaptaremos el acuerdo a tu proyecto.<\/p>\t\t\t\t\t\t\t\t<\/div>\n\t\t\t\t<\/div>\n\t\t\t\t<\/div>\n\t\t\t\t\t<\/div>\n\t\t\t\t<\/div>\n\t\t\t\t<\/section>\n\t\t<section class=\"elementor-element elementor-element-fa88462 e-con-full bg-section-wall e-flex e-con e-child\" data-id=\"fa88462\" data-element_type=\"container\" data-e-type=\"container\" data-settings=\"{&quot;background_background&quot;:&quot;classic&quot;}\">\n\t\t<div class=\"elementor-element elementor-element-dca60ba e-flex e-con-boxed e-con e-child\" data-id=\"dca60ba\" data-element_type=\"container\" data-e-type=\"container\">\n\t\t\t\t\t<div class=\"e-con-inner\">\n\t\t\t\t<div class=\"elementor-element elementor-element-7c38ff2 elementor-invisible elementor-widget elementor-widget-heading\" data-id=\"7c38ff2\" data-element_type=\"widget\" data-e-type=\"widget\" data-settings=\"{&quot;_animation&quot;:&quot;fadeInUp&quot;}\" data-widget_type=\"heading.default\">\n\t\t\t\t\t<h4 class=\"elementor-heading-title elementor-size-default\">Qu\u00e9 puedes esperar<\/h4>\t\t\t\t<\/div>\n\t\t<div class=\"elementor-element elementor-element-9ef9b7f e-grid e-con-full e-con e-child\" data-id=\"9ef9b7f\" data-element_type=\"container\" data-e-type=\"container\">\n\t\t<div class=\"elementor-element elementor-element-03c4b7c e-con-full e-flex elementor-invisible e-con e-child\" data-id=\"03c4b7c\" data-element_type=\"container\" data-e-type=\"container\" data-settings=\"{&quot;animation&quot;:&quot;fadeInUp&quot;}\">\n\t\t\t\t<div class=\"elementor-element elementor-element-c912622 elementor-widget-mobile__width-inherit elementor-widget elementor-widget-text-editor\" data-id=\"c912622\" data-element_type=\"widget\" data-e-type=\"widget\" data-widget_type=\"text-editor.default\">\n\t\t\t\t\t\t\t\t\t<p><strong>Respuesta r\u00e1pida<\/strong><\/p><p>Entendemos la importancia de los plazos.<br \/>No tendr\u00e1s que esperar d\u00edas para obtener una respuesta sencilla.<\/p>\t\t\t\t\t\t\t\t<\/div>\n\t\t\t\t<\/div>\n\t\t<div class=\"elementor-element elementor-element-aceaf1d e-con-full e-flex elementor-invisible e-con e-child\" data-id=\"aceaf1d\" data-element_type=\"container\" data-e-type=\"container\" data-settings=\"{&quot;animation&quot;:&quot;fadeInUp&quot;}\">\n\t\t\t\t<div class=\"elementor-element elementor-element-c74da76 elementor-widget elementor-widget-text-editor\" data-id=\"c74da76\" data-element_type=\"widget\" data-e-type=\"widget\" data-widget_type=\"text-editor.default\">\n\t\t\t\t\t\t\t\t\t<p><strong>Derechos claros<\/strong><\/p><p>Sin restricciones ocultas.<br \/>Sin sorpresas tras la entrega ni durante la emisi\u00f3n.<\/p>\t\t\t\t\t\t\t\t<\/div>\n\t\t\t\t<\/div>\n\t\t<div class=\"elementor-element elementor-element-c7a257a e-con-full e-flex elementor-invisible e-con e-child\" data-id=\"c7a257a\" data-element_type=\"container\" data-e-type=\"container\" data-settings=\"{&quot;animation&quot;:&quot;fadeInUp&quot;}\">\n\t\t\t\t<div class=\"elementor-element elementor-element-4ec87d5 elementor-widget elementor-widget-text-editor\" data-id=\"4ec87d5\" data-element_type=\"widget\" data-e-type=\"widget\" data-widget_type=\"text-editor.default\">\n\t\t\t\t\t\t\t\t\t<p><strong>Pensamiento exclusivo<\/strong><\/p><p>Si tu campa\u00f1a lo requiere, la m\u00fasica seguir\u00e1 siendo de tu propiedad dentro de los l\u00edmites acordados.<\/p><p>No hay solapamientos con otras marcas.<\/p>\t\t\t\t\t\t\t\t<\/div>\n\t\t\t\t<\/div>\n\t\t\t\t<\/div>\n\t\t<div class=\"elementor-element elementor-element-e095538 e-grid e-con-full elementor-invisible e-con e-child\" data-id=\"e095538\" data-element_type=\"container\" data-e-type=\"container\" data-settings=\"{&quot;background_background&quot;:&quot;classic&quot;,&quot;animation&quot;:&quot;fadeInUp&quot;}\">\n\t\t<div class=\"elementor-element elementor-element-052af22 e-con-full e-flex e-con e-child\" data-id=\"052af22\" data-element_type=\"container\" data-e-type=\"container\">\n\t\t\t\t<div class=\"elementor-element elementor-element-44d48a1 elementor-widget elementor-widget-heading\" data-id=\"44d48a1\" data-element_type=\"widget\" data-e-type=\"widget\" data-widget_type=\"heading.default\">\n\t\t\t\t\t<h2 class=\"elementor-heading-title elementor-size-default\">Dise\u00f1ado para la <br>\nproducci\u00f3n real<\/h2>\t\t\t\t<\/div>\n\t\t\t\t<\/div>\n\t\t<div class=\"elementor-element elementor-element-2f49d1b e-con-full e-flex e-con e-child\" data-id=\"2f49d1b\" data-element_type=\"container\" data-e-type=\"container\">\n\t\t\t\t<div class=\"elementor-element elementor-element-134e1bf elementor-widget elementor-widget-text-editor\" data-id=\"134e1bf\" data-element_type=\"widget\" data-e-type=\"widget\" data-widget_type=\"text-editor.default\">\n\t\t\t\t\t\t\t\t\t<p><strong>Trabajamos con:<\/strong><\/p><ul><li>Agencias de publicidad<\/li><li>Empresas productoras<\/li><li>Directores &amp; editores<\/li><li>Equipos de marca<\/li><li>Nos adaptamos a tu proceso, desde la propuesta inicial hasta la entrega final.<\/li><\/ul>\t\t\t\t\t\t\t\t<\/div>\n\t\t\t\t<\/div>\n\t\t\t\t<\/div>\n\t\t<div class=\"elementor-element elementor-element-1f8c486 e-con-full e-flex e-con e-child\" data-id=\"1f8c486\" data-element_type=\"container\" data-e-type=\"container\">\n\t\t\t\t<div class=\"elementor-element elementor-element-f8b896f elementor-invisible elementor-widget elementor-widget-text-editor\" data-id=\"f8b896f\" data-element_type=\"widget\" data-e-type=\"widget\" data-settings=\"{&quot;_animation&quot;:&quot;fadeInUp&quot;}\" data-widget_type=\"text-editor.default\">\n\t\t\t\t\t\t\t\t\t<p><strong>Importante<\/strong><\/p><p>Todas las pistas est\u00e1n disponibles \u00fanicamente para su escucha previa y uso interno. Cualquier uso p\u00fablico, emisi\u00f3n o publicaci\u00f3n comercial requiere autorizaci\u00f3n previa.<\/p>\t\t\t\t\t\t\t\t<\/div>\n\t\t<div class=\"elementor-element elementor-element-012f373 e-grid e-con-full e-con e-child\" data-id=\"012f373\" data-element_type=\"container\" data-e-type=\"container\">\n\t\t\t\t<div class=\"elementor-element elementor-element-0a49d1f elementor-invisible elementor-widget elementor-widget-button\" data-id=\"0a49d1f\" data-element_type=\"widget\" data-e-type=\"widget\" data-settings=\"{&quot;_animation&quot;:&quot;fadeInLeft&quot;}\" data-widget_type=\"button.default\">\n\t\t\t\t\t\t\t\t\t\t<a class=\"elementor-button elementor-button-link elementor-size-sm\" href=\"https:\/\/staging.chowamusicpublishing.com\/es\/the-catalog\/\">\n\t\t\t\t\t\t<span class=\"elementor-button-content-wrapper\">\n\t\t\t\t\t\t\t\t\t<span class=\"elementor-button-text\">Explora el cat\u00e1logo<\/span>\n\t\t\t\t\t<\/span>\n\t\t\t\t\t<\/a>\n\t\t\t\t\t\t\t\t<\/div>\n\t\t\t\t<div class=\"elementor-element elementor-element-3b2f7c1 elementor-invisible elementor-widget elementor-widget-button\" data-id=\"3b2f7c1\" data-element_type=\"widget\" data-e-type=\"widget\" data-settings=\"{&quot;_animation&quot;:&quot;fadeInRight&quot;}\" data-widget_type=\"button.default\">\n\t\t\t\t\t\t\t\t\t\t<a class=\"elementor-button elementor-button-link elementor-size-sm\" href=\"#elementor-action%3Aaction%3Dpopup%3Aopen%26settings%3DeyJpZCI6IjcwOSIsInRvZ2dsZSI6ZmFsc2V9\">\n\t\t\t\t\t\t<span class=\"elementor-button-content-wrapper\">\n\t\t\t\t\t\t\t\t\t<span class=\"elementor-button-text\">Solicitar autorizaci\u00f3n<\/span>\n\t\t\t\t\t<\/span>\n\t\t\t\t\t<\/a>\n\t\t\t\t\t\t\t\t<\/div>\n\t\t\t\t<\/div>\n\t\t\t\t<\/div>\n\t\t\t\t\t<\/div>\n\t\t\t\t<\/div>\n\t\t\t\t<\/section>\n\t\t\t\t<\/div>\n\t\t\t\t<\/div>","protected":false},"excerpt":{"rendered":"<p>for creatives &amp; producers Drop the music into your edit. See how it feels. When it clicks, we take care of the rest. CHOWA is designed to fit real production workflows \u2014 not library browsing. You can test music properly, make decisions faster, and clear rights without friction. How to use it Work in your [&hellip;]<\/p>\n","protected":false},"author":1,"featured_media":0,"parent":0,"menu_order":0,"comment_status":"closed","ping_status":"closed","template":"","meta":{"_acf_changed":false,"footnotes":""},"class_list":["post-69","page","type-page","status-publish","hentry"],"acf":[],"_links":{"self":[{"href":"https:\/\/staging.chowamusicpublishing.com\/es\/wp-json\/wp\/v2\/pages\/69","targetHints":{"allow":["GET"]}}],"collection":[{"href":"https:\/\/staging.chowamusicpublishing.com\/es\/wp-json\/wp\/v2\/pages"}],"about":[{"href":"https:\/\/staging.chowamusicpublishing.com\/es\/wp-json\/wp\/v2\/types\/page"}],"author":[{"embeddable":true,"href":"https:\/\/staging.chowamusicpublishing.com\/es\/wp-json\/wp\/v2\/users\/1"}],"replies":[{"embeddable":true,"href":"https:\/\/staging.chowamusicpublishing.com\/es\/wp-json\/wp\/v2\/comments?post=69"}],"version-history":[{"count":61,"href":"https:\/\/staging.chowamusicpublishing.com\/es\/wp-json\/wp\/v2\/pages\/69\/revisions"}],"predecessor-version":[{"id":731,"href":"https:\/\/staging.chowamusicpublishing.com\/es\/wp-json\/wp\/v2\/pages\/69\/revisions\/731"}],"wp:attachment":[{"href":"https:\/\/staging.chowamusicpublishing.com\/es\/wp-json\/wp\/v2\/media?parent=69"}],"curies":[{"name":"wp","href":"https:\/\/api.w.org\/{rel}","templated":true}]}}