{"id":13,"date":"2026-03-13T14:26:13","date_gmt":"2026-03-13T17:26:13","guid":{"rendered":"https:\/\/staging.chowamusicpublishing.com\/?page_id=13"},"modified":"2026-04-06T11:20:04","modified_gmt":"2026-04-06T14:20:04","slug":"music-catalog","status":"publish","type":"page","link":"https:\/\/staging.chowamusicpublishing.com\/es\/","title":{"rendered":"Home"},"content":{"rendered":"<div data-elementor-type=\"wp-page\" data-elementor-id=\"13\" class=\"elementor elementor-13\" data-elementor-post-type=\"page\">\n\t\t\t\t<div class=\"elementor-element elementor-element-fe8d940 e-grid e-con-full e-con e-parent\" data-id=\"fe8d940\" data-element_type=\"container\" data-e-type=\"container\">\n\t\t<section class=\"elementor-element elementor-element-e45029d e-con-full section-bg e-flex e-con e-child\" data-id=\"e45029d\" data-element_type=\"container\" data-e-type=\"container\">\n\t\t\t\t<div class=\"elementor-element elementor-element-7d8cc3a elementor-widget elementor-widget-html\" data-id=\"7d8cc3a\" data-element_type=\"widget\" data-e-type=\"widget\" data-widget_type=\"html.default\">\n\t\t\t\t\t<picture>\n  <source media=\"(max-width: 767px)\" srcset=\"https:\/\/staging.chowamusicpublishing.com\/wp-content\/uploads\/2026\/04\/fondohomemobile.webp\">\n  <img decoding=\"async\" src=\"https:\/\/staging.chowamusicpublishing.com\/wp-content\/uploads\/2026\/03\/fondohome.webp\" alt=\"\">\n<\/picture>\t\t\t\t<\/div>\n\t\t<div class=\"elementor-element elementor-element-900a78c e-con-full hero-mask-overlay e-flex e-con e-child\" data-id=\"900a78c\" data-element_type=\"container\" data-e-type=\"container\" data-settings=\"{&quot;position&quot;:&quot;absolute&quot;}\">\n\t\t\t\t<\/div>\n\t\t<div class=\"elementor-element elementor-element-952efdd e-flex e-con-boxed e-con e-child\" data-id=\"952efdd\" data-element_type=\"container\" data-e-type=\"container\" data-settings=\"{&quot;position&quot;:&quot;absolute&quot;}\">\n\t\t\t\t\t<div class=\"e-con-inner\">\n\t\t\t\t<div class=\"elementor-element elementor-element-5c7fd33 elementor-invisible elementor-widget elementor-widget-heading\" data-id=\"5c7fd33\" data-element_type=\"widget\" data-e-type=\"widget\" data-settings=\"{&quot;_animation&quot;:&quot;fadeInRight&quot;}\" data-widget_type=\"heading.default\">\n\t\t\t\t\t<h1 class=\"elementor-heading-title elementor-size-default\">M\u00fasica exclusiva <br \/>\npara medios audiovisuales.<\/h1>\t\t\t\t<\/div>\n\t\t\t\t<div class=\"elementor-element elementor-element-c3b5de3 elementor-invisible elementor-widget elementor-widget-heading\" data-id=\"c3b5de3\" data-element_type=\"widget\" data-e-type=\"widget\" data-settings=\"{&quot;_animation&quot;:&quot;fadeInRight&quot;}\" data-widget_type=\"heading.default\">\n\t\t\t\t\t<h3 class=\"elementor-heading-title elementor-size-default\">Sin material de archivo. Sin colisiones. Sin atajos.<\/h3>\t\t\t\t<\/div>\n\t\t\t\t\t<\/div>\n\t\t\t\t<\/div>\n\t\t\t\t<\/section>\n\t\t<section class=\"elementor-element elementor-element-3368293 e-con-full section-bg e-flex e-con e-child\" data-id=\"3368293\" data-element_type=\"container\" data-e-type=\"container\">\n\t\t\t\t<div class=\"elementor-element elementor-element-b336eaf elementor-widget elementor-widget-html\" data-id=\"b336eaf\" data-element_type=\"widget\" data-e-type=\"widget\" data-widget_type=\"html.default\">\n\t\t\t\t\t<picture>\n  <source media=\"(max-width: 767px)\" srcset=\"https:\/\/staging.chowamusicpublishing.com\/wp-content\/uploads\/2026\/04\/fondowhatwedomobile.webp\">\n  <img decoding=\"async\" src=\"https:\/\/staging.chowamusicpublishing.com\/wp-content\/uploads\/2026\/03\/fondoWhatwedo.webp\" alt=\"\">\n<\/picture>\t\t\t\t<\/div>\n\t\t<div class=\"elementor-element elementor-element-0925687 e-flex e-con-boxed e-con e-child\" data-id=\"0925687\" data-element_type=\"container\" data-e-type=\"container\" data-settings=\"{&quot;position&quot;:&quot;absolute&quot;}\">\n\t\t\t\t\t<div class=\"e-con-inner\">\n\t\t<div class=\"elementor-element elementor-element-ac47147 e-con-full e-flex e-con e-child\" data-id=\"ac47147\" data-element_type=\"container\" data-e-type=\"container\">\n\t\t\t\t<div class=\"elementor-element elementor-element-2e59ff7 elementor-invisible elementor-widget elementor-widget-heading\" data-id=\"2e59ff7\" data-element_type=\"widget\" data-e-type=\"widget\" data-settings=\"{&quot;_animation&quot;:&quot;fadeInRight&quot;}\" data-widget_type=\"heading.default\">\n\t\t\t\t\t<h4 class=\"elementor-heading-title elementor-size-default\">Qu\u00e9 hacemos<\/h4>\t\t\t\t<\/div>\n\t\t\t\t<div class=\"elementor-element elementor-element-cf2df2e elementor-invisible elementor-widget elementor-widget-heading\" data-id=\"cf2df2e\" data-element_type=\"widget\" data-e-type=\"widget\" data-settings=\"{&quot;_animation&quot;:&quot;fadeInRight&quot;}\" data-widget_type=\"heading.default\">\n\t\t\t\t\t<h2 class=\"elementor-heading-title elementor-size-default\">CHOWA representa y\nselecciona a artistas contempor\u00e1neos para publicidad, cine, series y contenido de marca.<\/h2>\t\t\t\t<\/div>\n\t\t\t\t<div class=\"elementor-element elementor-element-dc812e2 elementor-invisible elementor-widget elementor-widget-heading\" data-id=\"dc812e2\" data-element_type=\"widget\" data-e-type=\"widget\" data-settings=\"{&quot;_animation&quot;:&quot;fadeInRight&quot;}\" data-widget_type=\"heading.default\">\n\t\t\t\t\t<h5 class=\"elementor-heading-title elementor-size-default\">Nuestro cat\u00e1logo est\u00e1 dise\u00f1ado para ofrecer rapidez, claridad y\nexclusividad. M\u00fasica que puedes probar, proponer y obtener los derechos\n\u2014 sin complicaciones legales.<\/h5>\t\t\t\t<\/div>\n\t\t\t\t<\/div>\n\t\t\t\t\t<\/div>\n\t\t\t\t<\/div>\n\t\t\t\t<\/section>\n\t\t<section class=\"elementor-element elementor-element-313809c e-con-full section-bg e-flex e-con e-child\" data-id=\"313809c\" data-element_type=\"container\" data-e-type=\"container\">\n\t\t\t\t<div class=\"elementor-element elementor-element-35138b1 elementor-widget elementor-widget-html\" data-id=\"35138b1\" data-element_type=\"widget\" data-e-type=\"widget\" data-widget_type=\"html.default\">\n\t\t\t\t\t<picture>\r\n  <source media=\"(max-width: 767px)\" srcset=\"https:\/\/staging.chowamusicpublishing.com\/wp-content\/uploads\/2026\/04\/fondohowitworks.webp\">\r\n  <img decoding=\"async\" src=\"https:\/\/staging.chowamusicpublishing.com\/wp-content\/uploads\/2026\/03\/fondoHowitworks.webp\" alt=\"\">\r\n<\/picture>\t\t\t\t<\/div>\n\t\t<div class=\"elementor-element elementor-element-5f9845c e-flex e-con-boxed e-con e-child\" data-id=\"5f9845c\" data-element_type=\"container\" data-e-type=\"container\" data-settings=\"{&quot;position&quot;:&quot;absolute&quot;}\">\n\t\t\t\t\t<div class=\"e-con-inner\">\n\t\t<div class=\"elementor-element elementor-element-80d36c6 e-con-full e-flex e-con e-child\" data-id=\"80d36c6\" data-element_type=\"container\" data-e-type=\"container\">\n\t\t\t\t<div class=\"elementor-element elementor-element-49a771a elementor-invisible elementor-widget elementor-widget-heading\" data-id=\"49a771a\" data-element_type=\"widget\" data-e-type=\"widget\" data-settings=\"{&quot;_animation&quot;:&quot;fadeInRight&quot;}\" data-widget_type=\"heading.default\">\n\t\t\t\t\t<h4 class=\"elementor-heading-title elementor-size-default\">C\u00f3mo funciona<\/h4>\t\t\t\t<\/div>\n\t\t\t\t<div class=\"elementor-element elementor-element-22eff06 elementor-invisible elementor-widget elementor-widget-text-editor\" data-id=\"22eff06\" data-element_type=\"widget\" data-e-type=\"widget\" data-settings=\"{&quot;_animation&quot;:&quot;fadeInRight&quot;}\" data-widget_type=\"text-editor.default\">\n\t\t\t\t\t\t\t\t\t<ul><li><strong>Cat\u00e1logo seleccionado<\/strong>\u00a0de artistas emergentes e independientes<\/li><li><strong>Descargas solo para vista previa<\/strong>\u00a0para montajes sin conexi\u00f3n y presentaciones internas<\/li><li><strong>Eliminaci\u00f3n en el ser humano<\/strong>\u00a0para cada uso final<\/li><li><strong>Acuerdos exclusivos de sincronizaci\u00f3n<\/strong>\u00a0por campa\u00f1a, categor\u00eda y territorio<\/li><\/ul>\t\t\t\t\t\t\t\t<\/div>\n\t\t\t\t<div class=\"elementor-element elementor-element-29efcd0 elementor-invisible elementor-widget elementor-widget-heading\" data-id=\"29efcd0\" data-element_type=\"widget\" data-e-type=\"widget\" data-settings=\"{&quot;_animation&quot;:&quot;fadeInRight&quot;}\" data-widget_type=\"heading.default\">\n\t\t\t\t\t<h5 class=\"elementor-heading-title elementor-size-default\">Sin licencias autom\u00e1ticas. Sin sorpresas en directo.<\/h5>\t\t\t\t<\/div>\n\t\t\t\t<\/div>\n\t\t\t\t\t<\/div>\n\t\t\t\t<\/div>\n\t\t\t\t<\/section>\n\t\t<section class=\"elementor-element elementor-element-f6d58b8 e-con-full section-bg e-flex e-con e-child\" data-id=\"f6d58b8\" data-element_type=\"container\" data-e-type=\"container\" data-settings=\"{&quot;background_background&quot;:&quot;classic&quot;}\">\n\t\t\t\t<div class=\"elementor-element elementor-element-b4fe459 elementor-hidden-mobile elementor-widget elementor-widget-html\" data-id=\"b4fe459\" data-element_type=\"widget\" data-e-type=\"widget\" data-widget_type=\"html.default\">\n\t\t\t\t\t<picture>\r\n  <source media=\"(max-width: 767px)\" srcset=\"https:\/\/staging.chowamusicpublishing.com\/wp-content\/uploads\/2026\/04\/fondoexploremobile.webp\">\r\n  <img decoding=\"async\" src=\"https:\/\/staging.chowamusicpublishing.com\/wp-content\/uploads\/2026\/03\/fondoThecatalog.webp\" alt=\"\">\r\n<\/picture>\t\t\t\t<\/div>\n\t\t<div class=\"elementor-element elementor-element-4770d2c e-flex e-con-boxed e-con e-child\" data-id=\"4770d2c\" data-element_type=\"container\" data-e-type=\"container\" data-settings=\"{&quot;position&quot;:&quot;absolute&quot;}\">\n\t\t\t\t\t<div class=\"e-con-inner\">\n\t\t<div class=\"elementor-element elementor-element-bd2d6af e-con-full e-flex elementor-invisible e-con e-child\" data-id=\"bd2d6af\" data-element_type=\"container\" data-e-type=\"container\" data-settings=\"{&quot;animation&quot;:&quot;fadeInLeft&quot;}\">\n\t\t\t\t<div class=\"elementor-element elementor-element-44f903a elementor-widget elementor-widget-image\" data-id=\"44f903a\" data-element_type=\"widget\" data-e-type=\"widget\" data-widget_type=\"image.default\">\n\t\t\t\t\t\t\t\t\t\t\t\t\t\t\t<img fetchpriority=\"high\" decoding=\"async\" width=\"1348\" height=\"921\" src=\"https:\/\/staging.chowamusicpublishing.com\/wp-content\/uploads\/2026\/04\/fondoalbumbanda.webp\" class=\"attachment-large size-large wp-image-758\" alt=\"\" srcset=\"https:\/\/staging.chowamusicpublishing.com\/wp-content\/uploads\/2026\/04\/fondoalbumbanda.webp 1348w, https:\/\/staging.chowamusicpublishing.com\/wp-content\/uploads\/2026\/04\/fondoalbumbanda-768x525.webp 768w, https:\/\/staging.chowamusicpublishing.com\/wp-content\/uploads\/2026\/04\/fondoalbumbanda-18x12.webp 18w\" sizes=\"(max-width: 1348px) 100vw, 1348px\" \/>\t\t\t\t\t\t\t\t\t\t\t\t\t\t\t<\/div>\n\t\t\t\t<div class=\"elementor-element elementor-element-9ac24e7 elementor-widget__width-initial elementor-absolute elementor-widget elementor-widget-shortcode\" data-id=\"9ac24e7\" data-element_type=\"widget\" data-e-type=\"widget\" data-settings=\"{&quot;_position&quot;:&quot;absolute&quot;}\" data-widget_type=\"shortcode.default\">\n\t\t\t\t\t\t\t<div class=\"elementor-shortcode\"><img decoding=\"async\" width=\"600\" height=\"600\" src=\"https:\/\/staging.chowamusicpublishing.com\/wp-content\/uploads\/2026\/04\/band6.webp\" class=\"cmp-random-band-image hero-img-band-home wp-post-image\" alt=\"Banda 6\" srcset=\"https:\/\/staging.chowamusicpublishing.com\/wp-content\/uploads\/2026\/04\/band6.webp 600w, https:\/\/staging.chowamusicpublishing.com\/wp-content\/uploads\/2026\/04\/band6-12x12.webp 12w\" sizes=\"(max-width: 600px) 100vw, 600px\" \/><\/div>\n\t\t\t\t\t\t<\/div>\n\t\t\t\t<\/div>\n\t\t<div class=\"elementor-element elementor-element-ae9fc65 e-con-full e-flex e-con e-child\" data-id=\"ae9fc65\" data-element_type=\"container\" data-e-type=\"container\">\n\t\t\t\t<div class=\"elementor-element elementor-element-5309d14 elementor-invisible elementor-widget elementor-widget-heading\" data-id=\"5309d14\" data-element_type=\"widget\" data-e-type=\"widget\" data-settings=\"{&quot;_animation&quot;:&quot;fadeInRight&quot;}\" data-widget_type=\"heading.default\">\n\t\t\t\t\t<h2 class=\"elementor-heading-title elementor-size-default\">Descubre artistas, \u00e1lbumes\ny canciones pensadas para contar historias a trav\u00e9s de im\u00e1genes.<\/h2>\t\t\t\t<\/div>\n\t\t\t\t<div class=\"elementor-element elementor-element-91c37e6 elementor-invisible elementor-widget elementor-widget-text-editor\" data-id=\"91c37e6\" data-element_type=\"widget\" data-e-type=\"widget\" data-settings=\"{&quot;_animation&quot;:&quot;fadeInRight&quot;}\" data-widget_type=\"text-editor.default\">\n\t\t\t\t\t\t\t\t\t<p>Cada versi\u00f3n incluye:<br \/>Estado de \u00e1nimo &amp; Etiquetas de energ\u00eda<br \/>Ritmo &amp; estructura<br \/>Versiones instrumentales \/ vocales<br \/>Metadatos limpios para una presentaci\u00f3n r\u00e1pida<\/p><p><strong>Todas las canciones est\u00e1n disponibles \u00fanicamente para su escucha previa.<\/strong><\/p>\t\t\t\t\t\t\t\t<\/div>\n\t\t\t\t<div class=\"elementor-element elementor-element-66db523 elementor-invisible elementor-widget elementor-widget-button\" data-id=\"66db523\" data-element_type=\"widget\" data-e-type=\"widget\" data-settings=\"{&quot;_animation&quot;:&quot;fadeInRight&quot;}\" data-widget_type=\"button.default\">\n\t\t\t\t\t\t\t\t\t\t<a class=\"elementor-button elementor-button-link elementor-size-sm\" href=\"https:\/\/staging.chowamusicpublishing.com\/es\/the-catalog\/\">\n\t\t\t\t\t\t<span class=\"elementor-button-content-wrapper\">\n\t\t\t\t\t\t\t\t\t<span class=\"elementor-button-text\">Explora nuestro cat\u00e1logo de artistas<\/span>\n\t\t\t\t\t<\/span>\n\t\t\t\t\t<\/a>\n\t\t\t\t\t\t\t\t<\/div>\n\t\t\t\t<\/div>\n\t\t\t\t\t<\/div>\n\t\t\t\t<\/div>\n\t\t\t\t<\/section>\n\t\t<section class=\"elementor-element elementor-element-4a01e7e e-con-full section-bg e-flex e-con e-child\" data-id=\"4a01e7e\" data-element_type=\"container\" data-e-type=\"container\">\n\t\t\t\t<div class=\"elementor-element elementor-element-61352cc elementor-widget elementor-widget-html\" data-id=\"61352cc\" data-element_type=\"widget\" data-e-type=\"widget\" data-widget_type=\"html.default\">\n\t\t\t\t\t<picture>\r\n  <source media=\"(max-width: 767px)\" srcset=\"https:\/\/staging.chowamusicpublishing.com\/wp-content\/uploads\/2026\/04\/fondowhatwedontdomobile.webp\">\r\n  <img decoding=\"async\" src=\"https:\/\/staging.chowamusicpublishing.com\/wp-content\/uploads\/2026\/03\/fondoWhatWeDontDo.webp\" alt=\"\">\r\n<\/picture>\t\t\t\t<\/div>\n\t\t<div class=\"elementor-element elementor-element-9e476cd e-flex e-con-boxed e-con e-child\" data-id=\"9e476cd\" data-element_type=\"container\" data-e-type=\"container\" data-settings=\"{&quot;position&quot;:&quot;absolute&quot;}\">\n\t\t\t\t\t<div class=\"e-con-inner\">\n\t\t<div class=\"elementor-element elementor-element-a8c2c7b e-con-full e-flex e-con e-child\" data-id=\"a8c2c7b\" data-element_type=\"container\" data-e-type=\"container\">\n\t\t\t\t<div class=\"elementor-element elementor-element-0b93b28 elementor-invisible elementor-widget elementor-widget-heading\" data-id=\"0b93b28\" data-element_type=\"widget\" data-e-type=\"widget\" data-settings=\"{&quot;_animation&quot;:&quot;fadeInUp&quot;}\" data-widget_type=\"heading.default\">\n\t\t\t\t\t<h2 class=\"elementor-heading-title elementor-size-default\">Lo que no hacemos<\/h2>\t\t\t\t<\/div>\n\t\t\t\t<div class=\"elementor-element elementor-element-623a09b elementor-widget-mobile__width-inherit elementor-invisible elementor-widget elementor-widget-text-editor\" data-id=\"623a09b\" data-element_type=\"widget\" data-e-type=\"widget\" data-settings=\"{&quot;_animation&quot;:&quot;fadeInUp&quot;}\" data-widget_type=\"text-editor.default\">\n\t\t\t\t\t\t\t\t\t<p>Plataformas de m\u00fasica de archivo<\/p><p>Concesi\u00f3n autom\u00e1tica de licencias<\/p><p>Listas de precios p\u00fablicas<\/p><p>Uso simult\u00e1neo de marcas<\/p>\t\t\t\t\t\t\t\t<\/div>\n\t\t\t\t<div class=\"elementor-element elementor-element-e92039c elementor-invisible elementor-widget elementor-widget-heading\" data-id=\"e92039c\" data-element_type=\"widget\" data-e-type=\"widget\" data-settings=\"{&quot;_animation&quot;:&quot;fadeInUp&quot;}\" data-widget_type=\"heading.default\">\n\t\t\t\t\t<h5 class=\"elementor-heading-title elementor-size-default\">Si una canci\u00f3n se emite en la radio con tu marca, seguir\u00e1 siendo tuya.<\/h5>\t\t\t\t<\/div>\n\t\t\t\t<\/div>\n\t\t\t\t\t<\/div>\n\t\t\t\t<\/div>\n\t\t\t\t<\/section>\n\t\t<div class=\"elementor-element elementor-element-8999b6f e-flex e-con-boxed e-con e-child\" data-id=\"8999b6f\" data-element_type=\"container\" data-e-type=\"container\">\n\t\t\t\t\t<div class=\"e-con-inner\">\n\t\t\t\t<div class=\"elementor-element elementor-element-3fb689e elementor-invisible elementor-widget elementor-widget-heading\" data-id=\"3fb689e\" data-element_type=\"widget\" data-e-type=\"widget\" data-settings=\"{&quot;_animation&quot;:&quot;fadeIn&quot;}\" data-widget_type=\"heading.default\">\n\t\t\t\t\t<h6 class=\"elementor-heading-title elementor-size-default\">Las pistas disponibles en esta plataforma est\u00e1n destinadas exclusivamente a fines de evaluaci\u00f3n y previsualizaci\u00f3n interna. Cualquier uso p\u00fablico, emisi\u00f3n, publicaci\u00f3n en l\u00ednea o explotaci\u00f3n comercial requiere la autorizaci\u00f3n previa por escrito de CHOWA MUSIC LICENSING.<\/h6>\t\t\t\t<\/div>\n\t\t\t\t\t<\/div>\n\t\t\t\t<\/div>\n\t\t\t\t<\/div>\n\t\t\t\t<\/div>","protected":false},"excerpt":{"rendered":"<p>Exclusive music for visual media. No stock. No collisions. No shortcuts. What we do CHOWA represents and curates contemporary artists for advertising, film, series and branded content. Our catalog is built for speed, clarity and exclusivity. Music you can test, pitch and clear \u2014 without legal friction. How it works Curated catalog\u00a0of emerging and independent [&hellip;]<\/p>\n","protected":false},"author":1,"featured_media":0,"parent":0,"menu_order":0,"comment_status":"closed","ping_status":"closed","template":"elementor_header_footer","meta":{"_acf_changed":false,"footnotes":""},"class_list":["post-13","page","type-page","status-publish","hentry"],"acf":[],"_links":{"self":[{"href":"https:\/\/staging.chowamusicpublishing.com\/es\/wp-json\/wp\/v2\/pages\/13","targetHints":{"allow":["GET"]}}],"collection":[{"href":"https:\/\/staging.chowamusicpublishing.com\/es\/wp-json\/wp\/v2\/pages"}],"about":[{"href":"https:\/\/staging.chowamusicpublishing.com\/es\/wp-json\/wp\/v2\/types\/page"}],"author":[{"embeddable":true,"href":"https:\/\/staging.chowamusicpublishing.com\/es\/wp-json\/wp\/v2\/users\/1"}],"replies":[{"embeddable":true,"href":"https:\/\/staging.chowamusicpublishing.com\/es\/wp-json\/wp\/v2\/comments?post=13"}],"version-history":[{"count":223,"href":"https:\/\/staging.chowamusicpublishing.com\/es\/wp-json\/wp\/v2\/pages\/13\/revisions"}],"predecessor-version":[{"id":765,"href":"https:\/\/staging.chowamusicpublishing.com\/es\/wp-json\/wp\/v2\/pages\/13\/revisions\/765"}],"wp:attachment":[{"href":"https:\/\/staging.chowamusicpublishing.com\/es\/wp-json\/wp\/v2\/media?parent=13"}],"curies":[{"name":"wp","href":"https:\/\/api.w.org\/{rel}","templated":true}]}}